{"id":648,"date":"2019-04-12T16:04:56","date_gmt":"2019-04-12T13:04:56","guid":{"rendered":"https:\/\/lumatikka.luma.fi\/sv\/?page_id=648"},"modified":"2023-01-03T15:43:06","modified_gmt":"2023-01-03T13:43:06","slug":"projektlarande","status":"publish","type":"page","link":"https:\/\/lumatikka.luma.fi\/sv\/natstudiekurser\/projektlarande\/","title":{"rendered":"Projektl\u00e4rande"},"content":{"rendered":"\n<h1 class=\"wp-block-heading\">LUMATIKKA 3: Projektl\u00e4rande<\/h1>\n\n\n\n<pre class=\"wp-block-preformatted\"><strong><a href=\"https:\/\/digicampus.fi\/course\/view.php?id=3633\" data-type=\"URL\" data-id=\"https:\/\/digicampus.fi\/course\/view.php?id=3633\" target=\"_blank\" rel=\"noreferrer noopener\">Fr\u00e5n den h\u00e4r l\u00e4nken<\/a> kan du ta dig till kursen<\/strong> <em>LUMATIKKA\u00a03:\u00a0Projektl\u00e4rande<\/em> <strong>p\u00e5 Digicampus<\/strong>. Instruktioner f\u00f6r hur du loggar in p\u00e5 Digicampus och registrerar dig p\u00e5 kurser samt tips f\u00f6r hur du studerar p\u00e5 kurserna hittar du p\u00e5 sidan <a rel=\"noreferrer noopener\" href=\"https:\/\/lumatikka.luma.fi\/sv\/sjalvstudiekurser\/\" data-type=\"URL\" data-id=\"https:\/\/lumatikka.luma.fi\/sv\/sjalvstudiekurser\/\" target=\"_blank\">Sj\u00e4lvstudiekurser<\/a> via menyn ovan. P\u00e5 den h\u00e4r sidan hittar du en n\u00e4rmare beskrivning av kursinneh\u00e5llet och -uppl\u00e4gget.<\/pre>\n\n\n\n<h2 class=\"wp-block-heading\">Beskrivning<\/h2>\n\n\n\n<p>Kursen lyfter fram hur projektl\u00e4rande syns i l\u00e4roplansgrunderna och granskar hur projektl\u00e4rande kan planeras och utvecklas.&nbsp; F\u00e4rdigt material, den lokala milj\u00f6n och n\u00e4ringslivet som st\u00f6d f\u00f6r projektl\u00e4rande granskas. Kursen betonar unders\u00f6kande arbetss\u00e4tt som ett s\u00e4tt att utveckla de l\u00e4randes engagemang och f\u00f6rbereda dem f\u00f6r vuxenlivet. Kursen begrundar hur projektl\u00e4rande kan bed\u00f6mas och bed\u00f6mningens roll i l\u00e4randes kunskapsutveckling. <\/p>\n\n\n\n<figure class=\"wp-block-image aligncenter size-large is-resized is-style-default\"><img loading=\"lazy\" decoding=\"async\" src=\"https:\/\/lumatikka.luma.fi\/sv\/files\/2023\/01\/image-6-1024x681.png\" alt=\"Kursinneh\u00e5ll i kursens n\u00e4tplattform Digicampus:\n1. V\u00e4lkommen p\u00e5 kursen!\n2. Projektl\u00e4rande och styrdokumenten f\u00f6r fostran och undervisning\n3. Helhetsskapande undervisning som grund f\u00f6r projektl\u00e4rande\n4. Unders\u00f6kande arbetss\u00e4tt\n5. Bed\u00f6mning i och av projektarbete\n6. Vad kan vi l\u00e4ra oss av genomf\u00f6rda projektarbeten?\n7. Att planera f\u00f6r projektl\u00e4rande\n8. DIPLOM\n9. Kursteam.\" class=\"wp-image-2042\" width=\"603\" height=\"401\" srcset=\"https:\/\/lumatikka.luma.fi\/sv\/files\/2023\/01\/image-6-1024x681.png 1024w, https:\/\/lumatikka.luma.fi\/sv\/files\/2023\/01\/image-6-300x199.png 300w, https:\/\/lumatikka.luma.fi\/sv\/files\/2023\/01\/image-6-768x510.png 768w, https:\/\/lumatikka.luma.fi\/sv\/files\/2023\/01\/image-6.png 1267w\" sizes=\"auto, (max-width: 603px) 100vw, 603px\" \/><figcaption class=\"wp-element-caption\"><em>Kursinneh\u00e5llet p\u00e5 kursplattformen Digicampus.<\/em><\/figcaption><\/figure>\n\n\n\n<h2 class=\"wp-block-heading\">M\u00e5lgrupp<\/h2>\n\n\n\n<p>Kursen riktar sig till den undervisande personalen <strong>fr\u00e5n sm\u00e5barnspedagogiken till andra stadiet<\/strong>, som i sitt arbete jobbar med matematik. D\u00e4rut\u00f6ver kan kursen vara av intresse f\u00f6r l\u00e4rarstuderande. Dessutom kan vem som helst som intresserar sig f\u00f6r helhetsskapande matematikundervisning och projektl\u00e4rande bekanta sig med kursmaterialet.<\/p>\n\n\n\n<h2 class=\"wp-block-heading\">Kursuppl\u00e4gg<\/h2>\n\n\n\n<p>Du kan avl\u00e4gga kursen n\u00e4r som helst och var som helst. Kursen best\u00e5r av tv\u00e5 delar: en teoribaserad del f\u00f6r&nbsp;<em>teoriexperter&nbsp;<\/em>och en mer praktiskt orienterad del f\u00f6r&nbsp;<em>undervisningsutvecklare<\/em>. Teoridelen avl\u00e4gger du genom att bekanta dig med kursmaterialet och genom att g\u00f6ra de tillh\u00f6rande uppgifterna. Den praktiskt orienterade&nbsp;<em>undervisningsutvecklare-<\/em>kursdelen g\u00e5r i sin tur ut p\u00e5 att du i anslutning till varje kurstema genomf\u00f6r en liten laboration samt en st\u00f6rre unders\u00f6kningsuppgift, som f\u00f6rdjupar ditt teorikunnande och ger dig m\u00f6jlighet att till\u00e4mpa det i praktiken. I unders\u00f6kningsuppgiften kan du alternativt skapa en egen uppgift och testa den. Efter att du har avlagt b\u00e5da kursdelarna f\u00e5r du ett diplom f\u00f6r slutf\u00f6rd kurs.<\/p>\n\n\n\n<figure id=\"yui_3_17_2_1_1670253981339_46\" class=\"wp-block-table is-style-stripes\"><table><thead><tr><th scope=\"col\">Ungef\u00e4rlig tids\u00e5tg\u00e5ng&nbsp; &nbsp; <\/th><th scope=\"col\">Uppgift<\/th><\/tr><\/thead><tbody><tr><td><strong>5 tim.<\/strong><\/td><td>Projektl\u00e4rande och styrdokumenten f\u00f6r fostran och undervisning<\/td><\/tr><tr><td><strong>5 tim.<\/strong><\/td><td>Helhetsskapande undervisning som grund f\u00f6r projektl\u00e4rande<\/td><\/tr><tr><td><strong>5 tim.<\/strong><\/td><td>Unders\u00f6kande arbetss\u00e4tt<\/td><\/tr><tr><td><strong>5 tim.<\/strong><\/td><td>Bed\u00f6mning i och av projektarbete<\/td><\/tr><tr><td><strong>5 tim.<\/strong><\/td><td>Vad kan vi l\u00e4ra oss av genomf\u00f6rda projektarbeten?<\/td><\/tr><tr><td><strong>5 tim.<\/strong><\/td><td>Att planera f\u00f6r projektl\u00e4rande<\/td><\/tr><\/tbody><\/table><figcaption class=\"wp-element-caption\"><em>Ungef\u00e4rlig uppskattning av omfattningen av studierna.<\/em><\/figcaption><\/figure>\n\n\n\n<p><\/p>\n\n\n\n<h3 class=\"wp-block-heading\"><strong>Teoriexperten<\/strong><\/h3>\n\n\n\n<p>\u2713 f\u00f6rst\u00e5r hur projektl\u00e4randet syns i l\u00e4roplanen och hur man kan inkludera och utveckla projektl\u00e4randet i sitt eget arbete<\/p>\n\n\n\n<p>\u2713 kan identifiera s\u00e4tt att inkludera projektl\u00e4rande i matematikundervisningen och k\u00e4nner till exempel som man kan anv\u00e4nda som uppgifter i samband med projektl\u00e4rande<\/p>\n\n\n\n<p>\u2713 k\u00e4nner till principerna f\u00f6r bed\u00f6mning i samband med projektl\u00e4rande och f\u00f6rst\u00e5r p\u00e5 vilket s\u00e4tt bed\u00f6mningen kan st\u00f6dja l\u00e4randet.<\/p>\n\n\n\n<h3 class=\"wp-block-heading\"><strong>Undervisningsutvecklaren<\/strong><\/h3>\n\n\n\n<p>\u2713 k\u00e4nner till arbetsmomenten i projektbaserat arbetss\u00e4tt och kan planera och genomf\u00f6ra lektioner utg\u00e5ende fr\u00e5n id\u00e9n bakom projektl\u00e4rande<\/p>\n\n\n\n<p>\u2713 f\u00f6rst\u00e5r betydelsen av kreativa arbetss\u00e4tt och av utvecklingen av ens eget arbete och ser dem b\u00e5da som viktiga resurser i undervisnings- och fostringsarbetet&nbsp;<\/p>\n\n\n\n<p>\u2713 vet hur man kan utveckla sin egen undervisning utifr\u00e5n forskningsresultat och personliga reflektioner.<\/p>\n\n\n\n<h2 class=\"wp-block-heading\">Ett smakprov fr\u00e5n kursen<\/h2>\n\n\n\n<figure class=\"wp-block-embed is-type-video is-provider-youtube wp-block-embed-youtube wp-embed-aspect-16-9 wp-has-aspect-ratio\"><div class=\"wp-block-embed__wrapper\">\n<iframe loading=\"lazy\" title=\"Planering av projektl\u00e4rande\" width=\"500\" height=\"281\" src=\"https:\/\/www.youtube.com\/embed\/YAAri0F8bLk?wmode=transparent&amp;rel=0&amp;feature=oembed\" frameborder=\"0\" allow=\"accelerometer; autoplay; clipboard-write; encrypted-media; gyroscope; picture-in-picture; web-share\" referrerpolicy=\"strict-origin-when-cross-origin\" allowfullscreen><\/iframe>\n<\/div><figcaption class=\"wp-element-caption\">Malin Ingves ber\u00e4ttar om planering av projektl\u00e4rande i N\u00e4rpes h\u00f6gstadieskola.<\/figcaption><\/figure>\n\n\n\n<h2 class=\"wp-block-heading\">Feedback fr\u00e5n deltagare<\/h2>\n\n\n\n<blockquote class=\"wp-block-quote is-layout-flow wp-block-quote-is-layout-flow\" style=\"font-size:clamp(14px, 0.875rem + ((1vw - 3.2px) * 0.208), 16px);\">\n<p>&#8221;Det var ett intressant material som bidrog med en hel del nya t\u00e4nkes\u00e4tt och fr\u00e5gor!&#8221;<\/p>\n<cite>\u2013 l\u00e4rare i sm\u00e5barnspedagogik<\/cite><\/blockquote>\n\n\n\n<h2 class=\"wp-block-heading\">Kursteamet<\/h2>\n\n\n\n<div class=\"wp-block-columns is-layout-flex wp-container-core-columns-is-layout-28f84493 wp-block-columns-is-layout-flex\">\n<div class=\"wp-block-column is-layout-flow wp-block-column-is-layout-flow\">\n<h3 class=\"wp-block-heading\">Det huvudsakliga <br>planeringsteamet<\/h3>\n\n\n\n<p>Melike \u00d6z <br>Outi Haatainen <br>Elina Viro <br>Ann-Sofi R\u00f6j-Lindberg<\/p>\n<\/div>\n\n\n\n<div class=\"wp-block-column is-layout-flow wp-block-column-is-layout-flow\">\n<h3 class=\"wp-block-heading\">Resten av planerings- och utbildareteamet<\/h3>\n\n\n\n<p>Malin Ingves <br>Ann-Catherine Henriksson<br>Eveliina Hietakymi<br>Susanna Toikka<br>Alisa Uusi-Kilponen<\/p>\n<\/div>\n<\/div>\n","protected":false},"excerpt":{"rendered":"<p>LUMATIKKA 3: Projektl\u00e4rande Fr\u00e5n den h\u00e4r l\u00e4nken kan du ta dig till kursen LUMATIKKA\u00a03:\u00a0Projektl\u00e4rande p\u00e5 Digicampus. Instruktioner f\u00f6r hur du loggar in p\u00e5 Digicampus och registrerar dig p\u00e5 kurser samt tips f\u00f6r hur du studerar p\u00e5 kurserna hittar du p\u00e5 sidan Sj\u00e4lvstudiekurser via menyn ovan. P\u00e5 den h\u00e4r sidan hittar du en n\u00e4rmare beskrivning av [&hellip;]<\/p>\n","protected":false},"author":4,"featured_media":0,"parent":1759,"menu_order":0,"comment_status":"closed","ping_status":"closed","template":"","meta":{"footnotes":""},"class_list":["post-648","page","type-page","status-publish","hentry"],"_links":{"self":[{"href":"https:\/\/lumatikka.luma.fi\/sv\/wp-json\/wp\/v2\/pages\/648","targetHints":{"allow":["GET"]}}],"collection":[{"href":"https:\/\/lumatikka.luma.fi\/sv\/wp-json\/wp\/v2\/pages"}],"about":[{"href":"https:\/\/lumatikka.luma.fi\/sv\/wp-json\/wp\/v2\/types\/page"}],"author":[{"embeddable":true,"href":"https:\/\/lumatikka.luma.fi\/sv\/wp-json\/wp\/v2\/users\/4"}],"replies":[{"embeddable":true,"href":"https:\/\/lumatikka.luma.fi\/sv\/wp-json\/wp\/v2\/comments?post=648"}],"version-history":[{"count":41,"href":"https:\/\/lumatikka.luma.fi\/sv\/wp-json\/wp\/v2\/pages\/648\/revisions"}],"predecessor-version":[{"id":2067,"href":"https:\/\/lumatikka.luma.fi\/sv\/wp-json\/wp\/v2\/pages\/648\/revisions\/2067"}],"up":[{"embeddable":true,"href":"https:\/\/lumatikka.luma.fi\/sv\/wp-json\/wp\/v2\/pages\/1759"}],"wp:attachment":[{"href":"https:\/\/lumatikka.luma.fi\/sv\/wp-json\/wp\/v2\/media?parent=648"}],"curies":[{"name":"wp","href":"https:\/\/api.w.org\/{rel}","templated":true}]}}