{"id":2179,"date":"2023-12-18T16:29:55","date_gmt":"2023-12-18T14:29:55","guid":{"rendered":"https:\/\/lumatikka.luma.fi\/sv\/?page_id=2179"},"modified":"2025-07-01T14:05:05","modified_gmt":"2025-07-01T11:05:05","slug":"om-oss","status":"publish","type":"page","link":"https:\/\/lumatikka.luma.fi\/sv\/om-oss\/","title":{"rendered":"Om oss"},"content":{"rendered":"\n<h1 class=\"wp-block-heading has-text-align-center\">Om oss<\/h1>\n\n\n\n<p class=\"has-text-align-center\">I underkategorierna till den h\u00e4r sidan kan du l\u00e4sa n\u00e4rmare om oss och v\u00e5ra utbildningar!<\/p>\n\n\n\n<div style=\"height:5px\" aria-hidden=\"true\" class=\"wp-block-spacer\"><\/div>\n\n\n\n<div class=\"wp-block-group alignfull has-global-padding is-layout-constrained wp-container-core-group-is-layout-85cc7020 wp-block-group-is-layout-constrained\" style=\"margin-top:0;margin-bottom:0;padding-top:var(--wp--preset--spacing--50);padding-right:var(--wp--preset--spacing--50);padding-bottom:var(--wp--preset--spacing--50);padding-left:var(--wp--preset--spacing--50)\">\n<div class=\"wp-block-group alignwide has-global-padding is-layout-constrained wp-container-core-group-is-layout-19e250f3 wp-block-group-is-layout-constrained\">\n<div class=\"wp-block-columns alignwide is-layout-flex wp-container-core-columns-is-layout-60a90298 wp-block-columns-is-layout-flex\">\n<div class=\"wp-block-column is-vertically-aligned-center is-layout-flow wp-block-column-is-layout-flow\" style=\"flex-basis:50%\">\n<h3 class=\"wp-block-heading is-style-asterisk\">Vi har erbjudit LUMATIKKA-utbildning \u00e4nda sedan 2018 <\/h3>\n\n\n\n<p>G\u00f6r en djupdykning i historien bakom LUMATIKKA-fortbildningsprogrammet fr\u00e5n de f\u00f6rsta stegen till dagens kurser. Du f\u00e5r bekanta dig med hur programmet har utvecklats sedan det f\u00f6rst blev till 2018. Ett stort antal sakkunniga har bidragit till utvecklingen och med sin insats utformat programmet vidare till dess nuvarande form. <\/p>\n\n\n\n<p>I underkategorin <em>Projektansvariga<\/em> kan du l\u00e4ra k\u00e4nna dessa duktiga personer som byggt upp fortbildningsprogrammet med sitt breda kunnande.<br><\/p>\n\n\n\n<div style=\"height:26px\" aria-hidden=\"true\" class=\"wp-block-spacer\"><\/div>\n<\/div>\n\n\n\n<div class=\"wp-block-column is-vertically-aligned-bottom is-layout-flow wp-container-core-column-is-layout-1396dd20 wp-block-column-is-layout-flow\" style=\"padding-top:0;padding-right:0;padding-bottom:0;padding-left:0;flex-basis:50%\">\n<figure class=\"wp-block-image size-large is-resized is-style-rounded is-style-rounded--1\"><a href=\"https:\/\/lumatikka.luma.fi\/wp-content\/uploads\/2022\/11\/Beige-Aesthetic-Pastel-Collage-Memories-Moodboard-Portrait-Photo-Collage.png\"><img decoding=\"async\" src=\"https:\/\/lumatikka.luma.fi\/wp-content\/uploads\/2022\/11\/Beige-Aesthetic-Pastel-Collage-Memories-Moodboard-Portrait-Photo-Collage-682x1024.png\" alt=\"Kuvassa kollaasi hankkeen tekij\u00f6ist\u00e4.\" class=\"wp-image-8872\" style=\"width:354px;height:auto\"\/><\/a><\/figure>\n<\/div>\n<\/div>\n\n\n\n<div style=\"height:55px\" aria-hidden=\"true\" class=\"wp-block-spacer\"><\/div>\n\n\n\n<div class=\"wp-block-columns alignwide is-layout-flex wp-container-core-columns-is-layout-87beb0d0 wp-block-columns-is-layout-flex\">\n<div class=\"wp-block-column is-vertically-aligned-center is-layout-flow wp-block-column-is-layout-flow\" style=\"flex-basis:50%\">\n<figure class=\"wp-block-image aligncenter size-full is-resized is-style-rounded is-style-rounded--2\"><img decoding=\"async\" src=\"https:\/\/lumatikka.luma.fi\/wp-content\/uploads\/2022\/05\/koko-ohjelma.jpg\" alt=\"\" class=\"wp-image-7290\" style=\"width:313px;height:auto\"\/><\/figure>\n<\/div>\n\n\n\n<div class=\"wp-block-column is-vertically-aligned-center is-layout-flow wp-container-core-column-is-layout-1f213a1e wp-block-column-is-layout-flow\" style=\"padding-right:0;padding-left:0;flex-basis:50%\">\n<h3 class=\"wp-block-heading is-style-asterisk\">Vi svarar p\u00e5 dina fr\u00e5gor<\/h3>\n\n\n\n<p>Vill du kanske f\u00e5 klarhet i n\u00e5gon fr\u00e5ga som ber\u00f6r en enskild utbildningsdel? P\u00e5 sidan <em>Fr\u00e5gor och svar<\/em> har vi besvarat en rad fr\u00e5gor om fortbildningsprogrammet och dess m\u00e5lgrupp samt om hur kurserna kan avl\u00e4ggas i DigiCampus-portalen. P\u00e5 s\u00e5 s\u00e4tt har vi velat se till att du snabbt och enkelt hittar den information du letar efter.<\/p>\n\n\n\n<div style=\"height:2px\" aria-hidden=\"true\" class=\"wp-block-spacer\"><\/div>\n\n\n\n<p><br><\/p>\n<\/div>\n<\/div>\n\n\n\n<div style=\"height:26px\" aria-hidden=\"true\" class=\"wp-block-spacer\"><\/div>\n\n\n\n<div class=\"wp-block-columns alignwide is-layout-flex wp-container-core-columns-is-layout-c6809a2b wp-block-columns-is-layout-flex\">\n<div class=\"wp-block-column is-layout-flow wp-block-column-is-layout-flow\" style=\"flex-basis:50%\">\n<h3 class=\"wp-block-heading is-style-asterisk\">Integritet \u00e4r viktigt f\u00f6r oss<\/h3>\n\n\n\n<p>Inom ramen f\u00f6r hela LUMATIKKA+-programmet \u00e4r vi m\u00e5na om att skydda dina personuppgifter. V\u00e5r dataskyddsbeskrivning \u00e4r alltid tillg\u00e4nglig, s\u00e5 att du kan f\u00e5 en inblick i v\u00e5ra verksamhetsprinciper och v\u00e5r policy n\u00e4r det g\u00e4ller hur vi hanterar och skyddar dina personuppgifter. Vi vill f\u00f6rs\u00e4kra oss om att v\u00e5r dataskyddspolicy \u00e4r b\u00e5de transparent och trygg f\u00f6r deltagarna.<\/p>\n\n\n\n<div style=\"height:11px\" aria-hidden=\"true\" class=\"wp-block-spacer\"><\/div>\n<\/div>\n\n\n\n<div class=\"wp-block-column is-vertically-aligned-center is-layout-flow wp-block-column-is-layout-flow\" style=\"flex-basis:50%\">\n<figure class=\"wp-block-image size-large is-resized is-style-rounded is-style-rounded--3\"><a href=\"https:\/\/lumatikka.luma.fi\/wp-content\/uploads\/2019\/01\/l\u00e4pp\u00e4rimobiili1.jpg\"><img decoding=\"async\" src=\"https:\/\/lumatikka.luma.fi\/wp-content\/uploads\/2019\/01\/l\u00e4pp\u00e4rimobiili1-1024x645.jpg\" alt=\"\" class=\"wp-image-2426\" style=\"width:347px;height:auto\"\/><\/a><\/figure>\n<\/div>\n<\/div>\n<\/div>\n<\/div>\n\n\n\n<p><\/p>\n","protected":false},"excerpt":{"rendered":"<p>Om oss I underkategorierna till den h\u00e4r sidan kan du l\u00e4sa n\u00e4rmare om oss och v\u00e5ra utbildningar! Vi har erbjudit LUMATIKKA-utbildning \u00e4nda sedan 2018 G\u00f6r en djupdykning i historien bakom LUMATIKKA-fortbildningsprogrammet fr\u00e5n de f\u00f6rsta stegen till dagens kurser. Du f\u00e5r bekanta dig med hur programmet har utvecklats sedan det f\u00f6rst blev till 2018. Ett stort [&hellip;]<\/p>\n","protected":false},"author":12,"featured_media":0,"parent":0,"menu_order":0,"comment_status":"closed","ping_status":"closed","template":"","meta":{"footnotes":""},"class_list":["post-2179","page","type-page","status-publish","hentry"],"_links":{"self":[{"href":"https:\/\/lumatikka.luma.fi\/sv\/wp-json\/wp\/v2\/pages\/2179","targetHints":{"allow":["GET"]}}],"collection":[{"href":"https:\/\/lumatikka.luma.fi\/sv\/wp-json\/wp\/v2\/pages"}],"about":[{"href":"https:\/\/lumatikka.luma.fi\/sv\/wp-json\/wp\/v2\/types\/page"}],"author":[{"embeddable":true,"href":"https:\/\/lumatikka.luma.fi\/sv\/wp-json\/wp\/v2\/users\/12"}],"replies":[{"embeddable":true,"href":"https:\/\/lumatikka.luma.fi\/sv\/wp-json\/wp\/v2\/comments?post=2179"}],"version-history":[{"count":4,"href":"https:\/\/lumatikka.luma.fi\/sv\/wp-json\/wp\/v2\/pages\/2179\/revisions"}],"predecessor-version":[{"id":2562,"href":"https:\/\/lumatikka.luma.fi\/sv\/wp-json\/wp\/v2\/pages\/2179\/revisions\/2562"}],"wp:attachment":[{"href":"https:\/\/lumatikka.luma.fi\/sv\/wp-json\/wp\/v2\/media?parent=2179"}],"curies":[{"name":"wp","href":"https:\/\/api.w.org\/{rel}","templated":true}]}}