{"id":1759,"date":"2022-12-05T15:31:37","date_gmt":"2022-12-05T13:31:37","guid":{"rendered":"https:\/\/lumatikka.luma.fi\/sv\/?page_id=1759"},"modified":"2025-07-03T09:53:05","modified_gmt":"2025-07-03T06:53:05","slug":"natstudiekurser","status":"publish","type":"page","link":"https:\/\/lumatikka.luma.fi\/sv\/natstudiekurser\/","title":{"rendered":"N\u00e4tstudiekurser"},"content":{"rendered":"\n<h1 class=\"wp-block-heading\">N\u00e4tstudiekurser<\/h1>\n\n\n\n<p>V\u00e4lkommen till LUMATIKKA+ -programmets kurser, som nu efter avslutad projektperiod forts\u00e4tter att finnas tillg\u00e4ngliga i form av Digicampus-sj\u00e4lvstudiekurser! Via l\u00e4nkarna nedan hittar du n\u00e4rmare information om:<\/p>\n\n\n\n<ol class=\"wp-block-list\">\n<li><a href=\"#koulutusohjelma\">utbildningsprogrammets struktur<\/a><\/li>\n\n\n\n<li><a href=\"#uppl\u00e4gget\" data-type=\"internal\" data-id=\"#uppl\u00e4gget\">att avl\u00e4gga sj\u00e4lvstudiekurser<\/a><\/li>\n\n\n\n<li><a href=\"#ongelmat\"><\/a><a href=\"#digicampus-opiskelu\" data-type=\"internal\" data-id=\"#digicampus-opiskelu\">Digicampus-portalen och kursregistreringen d\u00e4r<\/a>.<\/li>\n<\/ol>\n\n\n\n<h2 class=\"wp-block-heading\" id=\"koulutusohjelma\">Utbildningsprogrammets struktur och inneh\u00e5ll<\/h2>\n\n\n\n<p>LUMATIKKA+ -utbildningsprogrammet best\u00e5r av tre delar: <strong>(1)<\/strong> den f\u00f6r alla l\u00e4rare <strong><a href=\"#lumatikka1\">gemensamma delen<\/a><\/strong>, <strong>(2) <a href=\"#lumatikka2\">den stadiespecifika delen<\/a><\/strong> och (3) den <strong><a href=\"#lumatikka3\">valfria delen<\/a><\/strong>, som ger en inblick i matematikens specialdidaktik.<br><br>Du kan avl\u00e4gga hela studiestigen \u00f6ver n\u00e4tet. Du f\u00e5r studera i din egen takt och ta flera kurser samtidigt eller efter varandra i den ordningsf\u00f6ljd som passar dig. Vi rekommenderar emellertid att deltagarna f\u00f6ljer studieschemat med de tre delarna &nbsp;1 \u279d 2 \u279d 3. Om du vill kan du ocks\u00e5 v\u00e4lja ut enskilda kurser som intresserar dig utan att avl\u00e4gga hela utbildningshelheten.<\/p>\n\n\n\n<p>Tv\u00e5 av kurserna inom utbildningsprogrammet erbjuds p\u00e5 svenska: <em>LUMATIKKA+ 1: Matematisk modellering \u2013 ett specialpedagogiskt perspektiv<\/em> och LUMATIKKA+ 3: <em>Helhetsskapande matematikundervisning<\/em>  Observera att du ocks\u00e5 kan v\u00e4lja kurser bland de finskspr\u00e5kiga kurserna! Du kan bekanta dig n\u00e4rmare med det finskspr\u00e5kiga kursutbudet via v\u00e5r finska webbplats.<\/p>\n\n\n\n<figure class=\"wp-block-image aligncenter size-large is-resized is-style-default\"><a href=\"https:\/\/lumatikka.luma.fi\/sv\/files\/2025\/07\/LUMATIKKA-programmet-sjalvstudiekurser-sve-scaled.png\"><img loading=\"lazy\" decoding=\"async\" width=\"1024\" height=\"788\" src=\"https:\/\/lumatikka.luma.fi\/sv\/files\/2025\/07\/LUMATIKKA-programmet-sjalvstudiekurser-sve-1024x788.png\" alt=\"LUMATIKKA+ -programmet: B\u00f6rja h\u00e4r: LUMATIKKA+ 1 Gemensam kurs. Matematiikan erityispedagogiikkaa l\u00e4pi koulutusrajojen \/ Matematisk modellering - ett specialpedagogiskt perspektiv. V\u00e4lj den som passar dig b\u00e4st: LUMATIKKA+ 2 \u00c5rskursspesifika kurser (p\u00e5 finska). Varhaiskasvatus ja esiopetus, Perusopetuksen luokat 1-6 tai perusopetuksen luokat 7-9 ja toisen asteen koulutus. V\u00e4lj de som intresserar dig: LUMATIKKA+ 3 Valfria kurser i specialdidaktik. Eheytt\u00e4v\u00e4\u00e4 matematiikan opetusta \/ Helhetsskapande matematikundervisning, Tietotekniikkaa ja ohjelmointia osana matematiikan opetusta (p\u00e5 finska) tai Opitaan matematiikkaa tutkien (p\u00e5 finska).\" class=\"wp-image-2545\" style=\"width:472px;height:auto\" title=\"\" srcset=\"https:\/\/lumatikka.luma.fi\/sv\/files\/2025\/07\/LUMATIKKA-programmet-sjalvstudiekurser-sve-1024x788.png 1024w, https:\/\/lumatikka.luma.fi\/sv\/files\/2025\/07\/LUMATIKKA-programmet-sjalvstudiekurser-sve-300x231.png 300w, https:\/\/lumatikka.luma.fi\/sv\/files\/2025\/07\/LUMATIKKA-programmet-sjalvstudiekurser-sve-768x591.png 768w, https:\/\/lumatikka.luma.fi\/sv\/files\/2025\/07\/LUMATIKKA-programmet-sjalvstudiekurser-sve-1536x1182.png 1536w, https:\/\/lumatikka.luma.fi\/sv\/files\/2025\/07\/LUMATIKKA-programmet-sjalvstudiekurser-sve-2048x1575.png 2048w\" sizes=\"auto, (max-width: 1024px) 100vw, 1024px\" \/><\/a><\/figure>\n\n\n\n<div style=\"height:0px\" aria-hidden=\"true\" id=\"lumatikka1\" class=\"wp-block-spacer\"><\/div>\n\n\n\n<p id=\"lumatikka2\">Genom att klicka p\u00e5 de gula informationsrutorna nedan hittar du varje programdel och kurserna de inneh\u00e5ller. Klicka sedan p\u00e5 kursnamnen f\u00f6r att l\u00e4sa mer om kurserna. D\u00e4r hittar du ocks\u00e5 l\u00e4nkarna som tar dig till de kursspecifika sidorna.<\/p>\n\n\n\n<div style=\"height:0px\" aria-hidden=\"true\" id=\"lumatikka3\" class=\"wp-block-spacer\"><\/div>\n\n\n\n<div class=\"wp-block-columns is-layout-flex wp-container-core-columns-is-layout-28f84493 wp-block-columns-is-layout-flex\">\n<div class=\"wp-block-column is-layout-flow wp-block-column-is-layout-flow\">\n<style>\nbutton.accordion {\n    background-color:#fffdc0 !important;\n    color: #457d97 !important;\n    cursor: pointer;\n    padding: 18px;\n    width: 100%;\n    border: none;\n    text-align: left;\n    outline: none;\n    font-family: Signika;\n    font-size: 15px;\n    transition: 0.4s;\n}\n\nbutton.accordion.active, button.accordion:hover {\n    background-color: #457d97 !important;\n    color: #fffdc0!important;\n}\n\ndiv.panel {\n    padding: 0 18px;    \n    display: none;\n    background-color: #E4EFEB;\n    overflow: hidden;\n    transition: max-height 0.2s ease-out;\n}\n<\/style>\n\n\n<h3>1. B\u00f6rja h\u00e4r<\/h3>\n\n<button class=\"accordion\">LUMATIKKA+ 1<\/button>\n<div class=\"panel\">\n<p><\/p>\n<h4>Kursen:<\/h4>\n<button class=\"accordion\">MATEMATISK MODELLERING \u2013 ETT SPECIALPEDAGOGISKT PERSPEKTIV<\/button>\n<div class=\"panel\">\n<p><\/p>\n<p>\nM\u00e5lgrupp: sm\u00e5barnspedagogik, f\u00f6rskolundervisning, grundskoleundervisning, utbildning p\u00e5 andra stadiet<\/p>\n\n<p>Kursspr\u00e5k: svenska, finska p\u00e5 kursen Matematiikan erityispedagogiikkaa l\u00e4pi koulutusrajojen\n\n<\/p><p><strong>L\u00e4s mera:<\/strong> <a href=\"https:\/\/lumatikka.luma.fi\/sv\/natstudiekurser\/matematisk-modellering\/\" target=\"_blank\" rel=\"noreferrer noopener\" aria-label=\"Matematisk modellering \u2013 ett specialpedagogiskt perspektiv (avautuu uudessa v\u00e4lilehdess\u00e4)\">till kurssidan<\/a>\n <\/p>\n<\/div>\n<\/div>\n<h3>2. V\u00e4lj den som passar dig b\u00e4st<\/h3>\n<button class=\"accordion\">LUMATIKKA+ 2<\/button>\n<div class=\"panel\">\n<p><\/p>\n<h4>Kurser:<\/h4>\n<button class=\"accordion\">ARVIOINTI MATEMATIIKAN OPETUKSEN YTIMESS\u00c4 VARHAISKASVATUKSESSA JA ESIOPETUKSESSA<\/button>\n<div class=\"panel\">\n<p><\/p>\n<p><strong>M\u00e5lgrupp:<\/strong> sm\u00e5barnspedagogik, f\u00f6rskolundervisning<\/p>\n<p><strong>Kursspr\u00e5k:<\/strong> finska<\/p>\n<p><strong>L\u00e4s mera:<\/strong> <a href=\"https:\/\/lumatikka.luma.fi\/verkkokoulutukset\/arviointi-varhaiskasvatuksessa-ja-esiopetuksessa\/\" target=\"_blank\" rel=\"noreferrer noopener\" aria-label=\"Arviointi matematiikan opetuksen ytimess\u00e4 varhaiskasvatuksessa ja esiopetuksessa (avautuu uudessa v\u00e4lilehdess\u00e4)\">till kurssidan (p\u00e5 finska)<\/a>\n<\/p>\n<\/div>\n<button class=\"accordion\">ARVIOINTI MATEMATIIKAN OPETUKSEN YTIMESS\u00c4 LUOKILLA 1\u20136<\/button>\n<div class=\"panel\">\n<p> <\/p><p><strong>M\u00e5lgrupp:<\/strong> grundskoleundervisning, klasserna 1\u20136<\/p>\n<p><strong>Kursspr\u00e5k:<\/strong> finska<\/p>\n<p><strong>L\u00e4s mera:<\/strong> <a href=\"https:\/\/lumatikka.luma.fi\/verkkokoulutukset\/arviointi-luokilla-1-6\/\" target=\"_blank\" rel=\"noreferrer noopener\" aria-label=\"Arviointi matematiikan opetuksen ytimess\u00e4 luokilla 1\u20136 (avautuu uudessa v\u00e4lilehdess\u00e4)\">till kurssidan (p\u00e5 finska)<\/a>\n<\/p>\n<\/div>\n<button class=\"accordion\">ARVIOINTI MATEMATIIKAN OPETUKSEN YTIMESS\u00c4 LUOKILLA 7\u20139 JA TOISEN ASTEEN KOULUTUKSESSA<\/button>\n<div class=\"panel\">\n<p><\/p>\n<p><strong>M\u00e5lgrupp:<\/strong> grundskoleundervisning, klasserna 7\u20139 och utbildning p\u00e5 andra stadiet<\/p>\n<p><strong>Kursspr\u00e5k:<\/strong> finska<\/p>\n<p><strong>L\u00e4s mera:<\/strong> <a href=\"https:\/\/lumatikka.luma.fi\/verkkokoulutukset\/arviointi-luokilla-7-9-ja-toisella-asteella\/\" target=\"_blank\" rel=\"noreferrer noopener\" aria-label=\"Arviointi matematiikan opetuksen ytimess\u00e4 luokilla 7\u20139 ja toisen asteen koulutuksessa (avautuu uudessa v\u00e4lilehdess\u00e4)\">till kurssidan (p\u00e5 finska)<\/a>\n<\/p>\n<\/div>\n<\/div>\n<h3>3. V\u00e4lj de som intresserar dig<\/h3>\n<button class=\"accordion\">LUMATIKKA+ 3<\/button>\n<div class=\"panel\">\n<p><\/p>\n<h4>Kurser:<\/h4>\n<button class=\"accordion\">HELHETSSKAPANDE MATEMATIKSUNDERVISNING<\/button>\n<div class=\"panel\">\n<p><\/p>\n<p><strong>M\u00e5lgrupp:<\/strong> sm\u00e5barnspedagogik, f\u00f6rskolundervisning, grundskoleundervisning, utbildning p\u00e5 andra stadiet<\/p>\n<p><strong>Kursspr\u00e5k:<\/strong> svenska, finska p\u00e5 kursen Eheytt\u00e4v\u00e4\u00e4 matematiikan opetusta<\/p>\n<p><strong>L\u00e4s mera:<\/strong> <a href=\"https:\/\/lumatikka.luma.fi\/sv\/natstudiekurser\/helhetsskapande-matematik\/\" target=\"_blank\" rel=\"noreferrer noopener\" aria-label=\"Eheytt\u00e4v\u00e4\u00e4 matematiikan opetusta (avautuu uudessa v\u00e4lilehdess\u00e4)\">till kurssidan<\/a>\n<\/p>\n<\/div>\n<button class=\"accordion\">TIETOTEKNIIKKAA JA OHJELMOINTIA OSANA MATEMATIIKAN OPETUSTA<\/button>\n<div class=\"panel\">\n<p><\/p>\n<p><strong>M\u00e5lgrupp:<\/strong> sm\u00e5barnspedagogik, f\u00f6rskolundervisning, grundskoleundervisning, utbildning p\u00e5 andra stadiet<\/p>\n<p><strong>Kursspr\u00e5k:<\/strong> finska<\/p>\n<p><strong>L\u00e4s mera:<\/strong> <a href=\"https:\/\/lumatikka.luma.fi\/verkkokoulutukset\/tietotekniikkaa-ja-ohjelmointia\/\" target=\"_blank\" rel=\"noreferrer noopener\" aria-label=\"Tietotekniikkaa ja ohjelmointia osana matematiikan opetusta (avautuu uudessa v\u00e4lilehdess\u00e4)\">till kurssidan (p\u00e5 finska)<\/a>\n<\/p>\n<\/div>\n<button class=\"accordion\">OPITAAN MATEMATIIKKAA TUTKIEN<\/button>\n<div class=\"panel\">\n<p><\/p>\n<p><strong>M\u00e5lgrupp:<\/strong> sm\u00e5barnspedagogik, f\u00f6rskolundervisning, grundskoleundervisning, utbildning p\u00e5 andra stadiet<\/p>\n<p><strong>Kursspr\u00e5k:<\/strong> finska<\/p>\n<p><strong>L\u00e4s mera:<\/strong> <a href=\"https:\/\/lumatikka.luma.fi\/verkkokoulutukset\/matematiikkaa-tutkien\/\" target=\"_blank\" rel=\"noreferrer noopener\" aria-label=\"Opitaan matematiikkaa tutkien (avautuu uudessa v\u00e4lilehdess\u00e4)\">till kurssidan (p\u00e5 finska)<\/a>\n<\/p>\n<\/div>\n<\/div>\n\n\n<script>\nvar acc = document.getElementsByClassName(\"accordion\");\nvar i;\n\nfor (i = 0; i < acc.length; i++) {\n    acc[i].onclick = function(){\n        this.classList.toggle(\"active\");\n        var panel = this.nextElementSibling;\n        if (panel.style.display === \"block\") {\n            panel.style.display = \"none\";\n        } else {\n            panel.style.display = \"block\";\n        }\n    }\n}\n<\/script>\n<\/div>\n<\/div>\n\n\n\n<h2 class=\"wp-block-heading\" id=\"uppl\u00e4gget\">Uppl\u00e4gget<\/h2>\n\n\n\n<p>Kurserna inom LUMATIKKA+ -programmet \u00e4r i fr\u00e4msta hand riktade till l\u00e4rare som st\u00f6d f\u00f6r undervisningsarbetet, men i princip kan vem som helst som intresserar sig f\u00f6r matematikens pedagogik delta i dem. Studierna p\u00e5 LUMATIKKA+ -sj\u00e4lvstudiekurserna kan man inleda n\u00e4r man sj\u00e4lv vill och man kan framskrida helt i sin egen takt, eftersom uppl\u00e4gget p\u00e5 kurserna inte \u00e4r bundet till en viss tidsperiod eller ett kursschema.<\/p>\n\n\n\n<p>Kursuppl\u00e4gget best\u00e5r av den teorifokuserade kursdelen <em>teoriexpert <\/em>och den mer praktiskt orienterade kursdelen <em>undervisningsutvecklare<\/em>. Teoridelen g\u00e5r till stor del ut p\u00e5 att kursdeltagarna p\u00e5 egen hand tar del av olika experters texter och videor och g\u00f6r tillh\u00f6rande uppgifter.<\/p>\n\n\n\n<p>I den mer praktiskt orienterade kursdelen <em>undervisningsutvecklare <\/em>\u00e4r m\u00e5let att kursdeltagarna utvecklar sin egen undervisning genom inl\u00e4rning i arbete. D\u00e4rf\u00f6r ing\u00e5r det ett undervisningsexperiment eller tv\u00e5 som ska genomf\u00f6ras i en undervisningsgrupp. Kursdeltagarna har s\u00e5ledes i uppgift att planera, genomf\u00f6ra och reflektera \u00f6ver ett (eller flera) undervisningsexperiment. Alla uppgifter i utbildningen har skapats utifr\u00e5n id\u00e9n om att de ska st\u00f6dja ditt eget undervisningsarbete genom att vara i linje med l\u00e4roplanerna eller planen f\u00f6r sm\u00e5barnspedagogik. De ska allts\u00e5 inte inneb\u00e4ra n\u00e5gon extra belastning i en redan hektisk vardag. Du f\u00e5r allts\u00e5 sj\u00e4lv best\u00e4mma hur du genomf\u00f6r undervisningsexperimenten. Det \u00e4r m\u00f6jligt att genomf\u00f6ra ett undervisningsexperiment i en egen eller en kollegas undervisningsgrupp, tillsammans med egna eller bekantas barn eller i en annan l\u00e4mplig kontext.<\/p>\n\n\n\n<p>Kurserna avslutas med ett teoritest, som efter ett godk\u00e4nt resultat ber\u00e4ttigar till ett diplom, som man kan ladda ner \u00f6ver en slutf\u00f6rd kurs. Observera att efter LUMATIKKA+-projektet avslutats \u00e4r det inte l\u00e4ngre m\u00f6jligt att godk\u00e4nna kursprestationer i n\u00e5gon annan form, till exempel som registrerade studiepo\u00e4ng eller utf\u00e4rdade kursintyg f\u00f6r vuxenutbildningsst\u00f6d.<\/p>\n\n\n\n<p>Allra mest givande \u00e4r kurserna f\u00f6r dem som inte tidigare varit med p\u00e5 kurserna inom LUMATIKKA-fortbildningen, eftersom kurserna delvis har samma inneh\u00e5ll som i det tidigare utbildningsprogrammet. Det \u00e4r emellertid m\u00f6jligt ocks\u00e5 f\u00f6r \"gamla bekanta\" att delta i LUMATIKKA+-kurserna. M\u00e5let med LUMATIKKA+-kurserna \u00e4r att ge st\u00f6d f\u00f6r arbete och professionell utveckling, och med tanke p\u00e5 det kan du sj\u00e4lv v\u00e4lja i vilken form du tar del av kurserna. Man kan logga in p\u00e5 kursportalen ocks\u00e5 bara f\u00f6r att h\u00e4mta material och inspiration f\u00f6r det egna undervisningsarbetet.<\/p>\n\n\n\n<p><\/p>\n\n\n\n<h2 class=\"wp-block-heading\" id=\"digicampus-opiskelu\">Att studera i Digicampus-portalen<\/h2>\n\n\n\n<p>Det mest konkreta i LUMATIKKA+ \u00e4r helheten av avgiftsfria n\u00e4tkurser som g\u00e5r att hitta i flera h\u00f6gskolors gemensamma Digicampus-portal. H\u00e4r nedan kan du l\u00e4sa n\u00e4rmare om hur du loggar in p\u00e5 LUMATIKKA+ (och tidigare LUMATIKKA)-kurserna.<\/p>\n\n\n\n<figure class=\"wp-block-image aligncenter size-large is-resized is-style-default\"><a href=\"https:\/\/lumatikka.luma.fi\/sv\/files\/2023\/12\/LUMATIKKA-sidan-sve-scaled.jpg\"><img loading=\"lazy\" decoding=\"async\" width=\"1024\" height=\"628\" src=\"https:\/\/lumatikka.luma.fi\/sv\/files\/2023\/12\/LUMATIKKA-sidan-sve-1024x628.jpg\" alt=\"\" class=\"wp-image-2158\" style=\"width:585px;height:auto\" srcset=\"https:\/\/lumatikka.luma.fi\/sv\/files\/2023\/12\/LUMATIKKA-sidan-sve-1024x628.jpg 1024w, https:\/\/lumatikka.luma.fi\/sv\/files\/2023\/12\/LUMATIKKA-sidan-sve-300x184.jpg 300w, https:\/\/lumatikka.luma.fi\/sv\/files\/2023\/12\/LUMATIKKA-sidan-sve-768x471.jpg 768w, https:\/\/lumatikka.luma.fi\/sv\/files\/2023\/12\/LUMATIKKA-sidan-sve-1536x942.jpg 1536w, https:\/\/lumatikka.luma.fi\/sv\/files\/2023\/12\/LUMATIKKA-sidan-sve-2048x1256.jpg 2048w\" sizes=\"auto, (max-width: 1024px) 100vw, 1024px\" \/><\/a><figcaption class=\"wp-element-caption\">Ing\u00e5ngssidan till LUMATIKKA+ -fortbildningsprogrammet i Digicampus-portalen och s\u00f6kv\u00e4gen, som du kan f\u00f6lja f\u00f6r att hitta alla kurser inom LUMATIKKA+ och LUMATIKKA-programmet.<\/figcaption><\/figure>\n\n\n\n<h3 class=\"wp-block-heading\">Inloggning p\u00e5 Digicampus och LUMATIKKA+-kurserna<\/h3>\n\n\n\n<ol class=\"wp-block-list\">\n<li>G\u00e5 in p\u00e5 adressen <a href=\"http:\/\/digicampus.fi\" target=\"_blank\" rel=\"noreferrer noopener\">digicampus.fi<\/a> och klicka p\u00e5 <em>Logga in<\/em> l\u00e4ngst upp p\u00e5 sidan till h\u00f6ger. Du kan logga in p\u00e5 Digicampus med h\u00f6gskolornas HAKA-inloggning, med ett Google-konto eller genom att skapa ett separat anv\u00e4ndarnamn f\u00f6r Digicampus. Om du ska logga in p\u00e5 Digicampus f\u00f6r f\u00f6rsta g\u00e5ngen, ska du v\u00e4lja n\u00e5gon av dessa tre inloggningsmetoderna. N\u00e4rmare instruktioner f\u00f6r hur du registrerar dig p\u00e5 Digicampus hittar du p\u00e5 portalens st\u00f6dsidor via <a href=\"https:\/\/dc-help.digicampus.fi\/fi\/support\/solutions\/articles\/101000390504-kirjautuminen\" data-type=\"URL\" data-id=\"https:\/\/dc-help.digicampus.fi\/fi\/support\/solutions\/articles\/101000390504-kirjautuminen\" target=\"_blank\" rel=\"noreferrer noopener\">den h\u00e4r l\u00e4nken<\/a> (p\u00e5 finska). Om du redan tidigare har deltagit i n\u00e5gon annan kurs i Digicampus-portalen, kan du anv\u00e4nda dig av samma anv\u00e4ndarnamn och l\u00f6senord som vid din f\u00f6rsta inloggning. Utan inloggning g\u00e5r det inte att komma \u00e5t LUMATIKKA+ eller LUMATIKKA-kurserna i portalen. <br><\/li>\n\n\n\n<li>Du kan registrera dig p\u00e5 den LUMATIKKA+-kurs som du \u00e4r intresserad av via en direkt l\u00e4nk till kurssidan (kr\u00e4ver inloggning), genom att s\u00f6ka efter kurserna med Digicampus s\u00f6kfunktion eller genom att skriva in kursens namn i rutan <em>S\u00f6k kurser <\/em>h\u00f6gst upp p\u00e5 sidan (klicka till sist p\u00e5 f\u00f6rstoringsglassymbolen). Du hittar kurserna ocks\u00e5 i Digicampus kurskatalog i kategorin <em>Undervisning och pedagogik<\/em> och <em>LUMA-keskus Suomi<\/em> under <em>\u00d6ppna kurser \/ MOOC<\/em>. <a href=\"https:\/\/digicampus.fi\/course\/index.php?categoryid=168\" data-type=\"URL\" data-id=\"https:\/\/digicampus.fi\/course\/index.php?categoryid=168\" target=\"_blank\" rel=\"noreferrer noopener\">Den direkta l\u00e4nken till Digicampus-portalen finns h\u00e4r<\/a>.<br><\/li>\n\n\n\n<li>P\u00e5 kurserna till\u00e4mpas sj\u00e4lvregistrering. N\u00e4r du \u00f6ppnar en LUMATIKKA+ eller LUMATIKKA-kurs genom att klicka p\u00e5 kursens namn kommer du till registreringssidan. Klicka sedan p\u00e5 <em>Registrera mig p\u00e5 kursen<\/em> under rubriken <strong>Sj\u00e4lvregistrering<\/strong>. <br><\/li>\n\n\n\n<li>Du beh\u00f6ver registrera dig endast en g\u00e5ng p\u00e5 varje kurs; i forts\u00e4ttningen hittar du kurserna som du har registrerat dig till p\u00e5 Digicampus ing\u00e5ngssida under <em>Kurs\u00f6versikt <\/em>eller under <em>Mina kurser <\/em>i navigeringsmenyn till v\u00e4nster p\u00e5 ing\u00e5ngssidan.<\/li>\n<\/ol>\n","protected":false},"excerpt":{"rendered":"<p>N\u00e4tstudiekurser V\u00e4lkommen till LUMATIKKA+ -programmets kurser, som nu efter avslutad projektperiod forts\u00e4tter att finnas tillg\u00e4ngliga i form av Digicampus-sj\u00e4lvstudiekurser! Via l\u00e4nkarna nedan hittar du n\u00e4rmare information om: Utbildningsprogrammets struktur och inneh\u00e5ll LUMATIKKA+ -utbildningsprogrammet best\u00e5r av tre delar: (1) den f\u00f6r alla l\u00e4rare gemensamma delen, (2) den stadiespecifika delen och (3) den valfria delen, som ger [&hellip;]<\/p>\n","protected":false},"author":12,"featured_media":0,"parent":0,"menu_order":0,"comment_status":"closed","ping_status":"closed","template":"","meta":{"footnotes":""},"class_list":["post-1759","page","type-page","status-publish","hentry"],"_links":{"self":[{"href":"https:\/\/lumatikka.luma.fi\/sv\/wp-json\/wp\/v2\/pages\/1759","targetHints":{"allow":["GET"]}}],"collection":[{"href":"https:\/\/lumatikka.luma.fi\/sv\/wp-json\/wp\/v2\/pages"}],"about":[{"href":"https:\/\/lumatikka.luma.fi\/sv\/wp-json\/wp\/v2\/types\/page"}],"author":[{"embeddable":true,"href":"https:\/\/lumatikka.luma.fi\/sv\/wp-json\/wp\/v2\/users\/12"}],"replies":[{"embeddable":true,"href":"https:\/\/lumatikka.luma.fi\/sv\/wp-json\/wp\/v2\/comments?post=1759"}],"version-history":[{"count":65,"href":"https:\/\/lumatikka.luma.fi\/sv\/wp-json\/wp\/v2\/pages\/1759\/revisions"}],"predecessor-version":[{"id":2570,"href":"https:\/\/lumatikka.luma.fi\/sv\/wp-json\/wp\/v2\/pages\/1759\/revisions\/2570"}],"wp:attachment":[{"href":"https:\/\/lumatikka.luma.fi\/sv\/wp-json\/wp\/v2\/media?parent=1759"}],"curies":[{"name":"wp","href":"https:\/\/api.w.org\/{rel}","templated":true}]}}