{"id":1702,"date":"2022-12-05T10:58:45","date_gmt":"2022-12-05T08:58:45","guid":{"rendered":"https:\/\/lumatikka.luma.fi\/sv\/?page_id=1702"},"modified":"2025-06-27T14:59:12","modified_gmt":"2025-06-27T11:59:12","slug":"material","status":"publish","type":"page","link":"https:\/\/lumatikka.luma.fi\/sv\/material\/","title":{"rendered":"Material"},"content":{"rendered":"\n<h1 class=\"wp-block-heading\">Material<\/h1>\n\n\n\n<p>B\u00e5de under LUMATIKKA (2018\u20132022) och under LUMATIKKA+ (2023\u20132025) -projektperioden skapades en omfattande samling h\u00f6gklassigt material f\u00f6r undervisnings- och fostringspersonal. Allt elevcentrerat, aktiverande, konkret och inspirerande utbildningsmaterial som projekten gett upphov till finns fritt tillg\u00e4ngligt f\u00f6r alla intresserade. P\u00e5 s\u00e5 s\u00e4tt vill vi fr\u00e4mja alla finl\u00e4ndska l\u00e4rares m\u00f6jligheter att f\u00e5 st\u00f6d f\u00f6r utvecklingen av sin undervisning och f\u00f6r st\u00e4rkandet av elevernas intresse f\u00f6r och f\u00e4rdigheter i matematik. P\u00e5 den h\u00e4r sidan hittar du en lista \u00f6ver alla platser, d\u00e4r du \u2013 ut\u00f6ver olika kursplattformar \u2013 kan ta del av v\u00e5rt utbildningsmaterial. <br><\/p>\n\n\n\n<h2 class=\"wp-block-heading\">LUMATIKKA och LUMATIKKA+-kursernas material<\/h2>\n\n\n\n<h3 class=\"wp-block-heading\" style=\"font-size:0px\">Video- och audioproduktion<\/h3>\n\n\n\n<div class=\"wp-block-columns is-layout-flex wp-container-core-columns-is-layout-28f84493 wp-block-columns-is-layout-flex\">\n<div class=\"wp-block-column is-layout-flow wp-block-column-is-layout-flow\" style=\"flex-basis:80%\">\n<h3 class=\"wp-block-heading\">Video- och audiomaterial<\/h3>\n\n\n\n<p>Allt LUMATIKKA och LUMATIKKA+-videomaterial finns fritt tillg\u00e4ngligt p\u00e5 Youtube-kanal LUMATIKKA p\u00e5 adressen <a href=\"https:\/\/www.youtube.com\/@lumatikka\" target=\"_blank\" rel=\"noreferrer noopener\">youtube.com\/@lumatikka<\/a>. En stor del av videorna har svensk textning, och en del av dem \u00e4r i sin helhet producerade p\u00e5 svenska. Du kan leta fram videor som intresserar dig till exempel med hj\u00e4lp av spellistorna p\u00e5 kanalen. Spellistorna har kategoriserats enligt n\u00e4tkurserna och enligt olika teman i matematikundervisningen. D\u00e4rut\u00f6ver kan man ta del av en del audioinspelningar och podcastavsnitt som producerats under LUMATIKKA-tiden p\u00e5 <a href=\"https:\/\/soundcloud.com\/user-989556596\/sets\/lumatikka\" data-type=\"URL\" data-id=\"https:\/\/soundcloud.com\/user-989556596\/sets\/lumatikka\" target=\"_blank\" rel=\"noreferrer noopener\">LUMA-center Finlands Soundcloud-kanal<\/a> (p\u00e5 finska).<br><\/p>\n<\/div>\n\n\n\n<div class=\"wp-block-column is-layout-flow wp-block-column-is-layout-flow\" style=\"flex-basis:20%\">\n<figure class=\"wp-block-image size-full is-resized is-style-default\"><a href=\"https:\/\/lumatikka.luma.fi\/wp-content\/uploads\/2022\/10\/image-3.png\"><img decoding=\"async\" src=\"https:\/\/lumatikka.luma.fi\/wp-content\/uploads\/2022\/10\/image-3.png\" alt=\"R\u00f6d YouTube-logo med en glad man som tittar p\u00e5 surfplattan.\" class=\"wp-image-7976\"\/><\/a><\/figure>\n<\/div>\n<\/div>\n\n\n\n<h3 class=\"wp-block-heading\">Samlingar av kursmaterial<\/h3>\n\n\n\n<div class=\"wp-block-columns is-layout-flex wp-container-core-columns-is-layout-28f84493 wp-block-columns-is-layout-flex\">\n<div class=\"wp-block-column is-layout-flow wp-block-column-is-layout-flow\" style=\"flex-basis:80%\">\n<p>Av expertvideorna och det skriftliga kursmaterialet har det sammanst\u00e4llts en omfattande tv\u00e5spr\u00e5kig materialsamling i <a href=\"https:\/\/aoe.fi\/\" data-type=\"URL\" data-id=\"https:\/\/aoe.fi\/\" target=\"_blank\" rel=\"noreferrer noopener\">Biblioteket f\u00f6r \u00f6ppna l\u00e4rresurser<\/a>. Inneh\u00e5llet i materialsamlingen har kategoriserats b\u00e5de enligt tema och inneh\u00e5ll och enligt utbildningsstadium. Genom att byta spr\u00e5k p\u00e5 webbplatsen kommer du \u00e5t b\u00e5de det finska och det svenska materialet. Ta en n\u00e4rmare titt p\u00e5 dessa material p\u00e5 sidan <a href=\"https:\/\/lumatikka.luma.fi\/sv\/material\/materialsamlingar\/\" data-type=\"URL\" data-id=\"https:\/\/lumatikka.luma.fi\/sv\/material\/materialsamlingar\/\" target=\"_blank\" rel=\"noreferrer noopener\"><em>Materialsamlingar<\/em><\/a> via <em>Material<\/em>-menyn ovan.<br><\/p>\n<\/div>\n\n\n\n<div class=\"wp-block-column is-layout-flow wp-block-column-is-layout-flow\" style=\"flex-basis:20%\">\n<figure class=\"wp-block-image size-full is-style-default\"><a href=\"https:\/\/lumatikka.luma.fi\/wp-content\/uploads\/2022\/10\/image-5-e1666958216213.png\"><img decoding=\"async\" src=\"https:\/\/lumatikka.luma.fi\/wp-content\/uploads\/2022\/10\/image-5-e1666958216213.png\" alt=\"Biblioteket f\u00f6r \u00f6ppna l\u00e4rresurser (aoe.fi) -logo (Play-knappen, stereo och n\u00e5gon text-form)\" class=\"wp-image-7980\"\/><\/a><\/figure>\n<\/div>\n<\/div>\n\n\n\n<h3 class=\"wp-block-heading\">N\u00e4tkurser<\/h3>\n\n\n\n<div class=\"wp-block-columns is-layout-flex wp-container-core-columns-is-layout-28f84493 wp-block-columns-is-layout-flex\">\n<div class=\"wp-block-column is-layout-flow wp-block-column-is-layout-flow\" style=\"flex-basis:80%\">\n<p>LUMATIKKA+ -n\u00e4tkurserna \u00e4r tillg\u00e4ngliga f\u00f6r sj\u00e4lvstudier fr\u00e5n och med 1.7.2025. Via den h\u00e4r l\u00e4nken (l\u00e4nken kommer)\u00a0kan du ta dig till LUMATIKKA+ -kurskatalogen p\u00e5 DigiCampus. N\u00e4tkurserna som tidigare erbjudits inom ramen f\u00f6r LUMATIKKA-fortbildningsprogrammet finns ocks\u00e5 avgiftsfritt tillg\u00e4ngliga f\u00f6r sj\u00e4lvstudier i DigiCampus-portalen <a href=\"https:\/\/digicampus.fi\/course\/index.php?categoryid=168\" data-type=\"link\" data-id=\"https:\/\/digicampus.fi\/course\/index.php?categoryid=168\" target=\"_blank\" rel=\"noreferrer noopener\">via den h\u00e4r l\u00e4nken<\/a>. P\u00e5 dessa kurser erbjuds inte n\u00e5gon handledning. <br><\/p>\n<\/div>\n\n\n\n<div class=\"wp-block-column is-layout-flow wp-block-column-is-layout-flow\" style=\"flex-basis:20%\">\n<figure class=\"wp-block-image aligncenter size-full is-resized is-style-default\"><a href=\"https:\/\/lumatikka.luma.fi\/wp-content\/uploads\/2023\/11\/LUMATIKKA-logo.png\"><img decoding=\"async\" src=\"https:\/\/lumatikka.luma.fi\/wp-content\/uploads\/2023\/11\/LUMATIKKA-logo.png\" alt=\"\" class=\"wp-image-9228\" style=\"width:115px;height:auto\"\/><\/a><\/figure>\n<\/div>\n<\/div>\n\n\n\n<div class=\"wp-block-columns is-layout-flex wp-container-core-columns-is-layout-28f84493 wp-block-columns-is-layout-flex\">\n<div class=\"wp-block-column is-layout-flow wp-block-column-is-layout-flow\" style=\"flex-basis:80%\">\n<p>Tack vare samarbetet med l\u00e4rarutbildningar har en del av de gamla LUMATIKKA-kurserna anpassats f\u00f6r och inkluderats i l\u00e4roplanerna f\u00f6r de pedagogiska fakulteterna vid Helsingfors universitet och \u00c5bo Akademi. Examensstuderandena vid dessa universitet erbjuds med andra ord LUMATIKKA-kurser, som ocks\u00e5 ger studiepo\u00e4ng och kan s\u00e5ledes inkluderas i examensstudierna. Studierna erbjuds p\u00e5 universitetens egna studieplattformar. L\u00e4s mer om i underkategorin <a href=\"https:\/\/lumatikka.luma.fi\/materiaalit\/vanhat-lumatikka-kurssit\/\" data-type=\"link\" data-id=\"https:\/\/lumatikka.luma.fi\/materiaalit\/vanhat-lumatikka-kurssit\/\">Tidigare LUMATIKKA-kurser<\/a> via menyraden ovan.<\/p>\n<\/div>\n\n\n\n<div class=\"wp-block-column is-layout-flow wp-block-column-is-layout-flow\" style=\"flex-basis:20%\">\n<figure class=\"wp-block-image aligncenter size-full is-resized is-style-default\"><img loading=\"lazy\" decoding=\"async\" width=\"2388\" height=\"2388\" src=\"https:\/\/lumatikka.luma.fi\/sv\/files\/2018\/05\/Lumatikka_multicolor.png\" alt=\"LUMATIKKA logon\" class=\"wp-image-44\" style=\"width:110px\" srcset=\"https:\/\/lumatikka.luma.fi\/sv\/files\/2018\/05\/Lumatikka_multicolor.png 2388w, https:\/\/lumatikka.luma.fi\/sv\/files\/2018\/05\/Lumatikka_multicolor-150x150.png 150w, https:\/\/lumatikka.luma.fi\/sv\/files\/2018\/05\/Lumatikka_multicolor-300x300.png 300w, https:\/\/lumatikka.luma.fi\/sv\/files\/2018\/05\/Lumatikka_multicolor-768x768.png 768w, https:\/\/lumatikka.luma.fi\/sv\/files\/2018\/05\/Lumatikka_multicolor-1024x1024.png 1024w, https:\/\/lumatikka.luma.fi\/sv\/files\/2018\/05\/Lumatikka_multicolor-100x100.png 100w\" sizes=\"auto, (max-width: 2388px) 100vw, 2388px\" \/><\/figure>\n<\/div>\n<\/div>\n\n\n\n<div style=\"height:10px\" aria-hidden=\"true\" class=\"wp-block-spacer\"><\/div>\n\n\n\n<h2 class=\"wp-block-heading\">Textmaterial<\/h2>\n\n\n\n<h3 class=\"wp-block-heading\">Temanummer om matematikundervisning<\/h3>\n\n\n\n<p>LUMATIKKA-projektarbetsgruppen gav \u00e5r 2022 ut <a href=\"https:\/\/journals.helsinki.fi\/lumatb\/issue\/view\/159\" data-type=\"URL\" data-id=\"https:\/\/journals.helsinki.fi\/lumatb\/issue\/view\/159\" target=\"_blank\" rel=\"noreferrer noopener\">ett temanummer av tidskriften LUMAT-B<\/a> om olika teman kring matematikundervisning p\u00e5 olika utbildningsstadier. LUMAT-B \u00e4r en internationell tidskrift om undervisning i matematik, naturvetenskaper och teknologi. Syftet med temanumret var att lyfta fram v\u00e4lbepr\u00f6vade arbetss\u00e4tt och inneh\u00e5ll fr\u00e5n LUMATIKKA-programmet och att \u00f6ka medvetenheten om programmet inom l\u00e4rarutbildningen i Finland. Temanumret ber\u00f6r f\u00f6ljande teman:<\/p>\n\n\n\n<div class=\"wp-block-media-text alignwide has-media-on-the-right is-stacked-on-mobile\" style=\"grid-template-columns:auto 45%\"><div class=\"wp-block-media-text__content\">\n<ul class=\"wp-block-list\">\n<li>Ledare: Introduktion till LUMATIKKA-programmet, som st\u00e4rker elevers matematikintresse<\/li>\n\n\n\n<li>Matematikl\u00e4rande genom lek i sm\u00e5barnspedagogik och f\u00f6rskoleundervisning (en artikel p\u00e5 svenska)<\/li>\n\n\n\n<li>Talar du matematiska? Insikter om verbalisering av matematik i \u00e5rskurserna 1\u20136<\/li>\n\n\n\n<li>Boost f\u00f6r en \u00e4ndam\u00e5lsenlig matematikundervisning i \u00e5rskurserna 7\u20139 och p\u00e5 andra stadiet<\/li>\n\n\n\n<li>P\u00e5 med matteglas\u00f6gon! Inspiration f\u00f6r l\u00e4rande l\u00e4ngs hela l\u00e4rstigen<\/li>\n<\/ul>\n<\/div><figure class=\"wp-block-media-text__media\"><a href=\"https:\/\/journals.helsinki.fi\/lumatb\/issue\/view\/159\" target=\"_blank\" rel=\"noreferrer noopener\"><img decoding=\"async\" src=\"https:\/\/lumatikka.luma.fi\/wp-content\/uploads\/2022\/06\/cover_issue_159_fi_FI.jpg\" alt=\"Omslagsbild av LUMATIKKA-temanumret om matematikundervisning. P\u00e5 bilden finns en ung pojke i glas\u00f6gon och som \u00e4r riktigt exalterad. Matematiska formler ses i bakgrunden. Man kan ocks\u00e5 se texten LUMAT-B \/ 7(2) 2022 och logor LUMATIKKA, LUMAT \/ LUMA-center Finland och Utbildningsstyrelsen finansierar projektet. \n\n\n\" class=\"wp-image-7317 size-full\"\/><\/a><\/figure><\/div>\n\n\n\n<h3 class=\"wp-block-heading\">Andra artiklar och examensarbeten<\/h3>\n\n\n\n<p><a rel=\"noreferrer noopener\" href=\"https:\/\/journals.helsinki.fi\/lumat\/article\/view\/1660\" target=\"_blank\">Verkko-oppimisymp\u00e4rist\u00f6jen kehitt\u00e4minen teko\u00e4lyn avulla: Tulevaisuusvisio matematiikan opetuksen t\u00e4ydennyskoulutuksesta<\/a><\/p>\n\n\n\n<p><a rel=\"noreferrer noopener\" href=\"https:\/\/helda.helsinki.fi\/handle\/10138\/328612\" target=\"_blank\">Oppia ik\u00e4 kaikki : pitkitt\u00e4istutkimus LUMATIKKA-t\u00e4ydennyskoulutuksen ja ty\u00f6kokemuksen pituuden yhteydest\u00e4 luokanopettajien mielekk\u00e4\u00e4seen oppimiseen sek\u00e4 opetusty\u00f6n kehitt\u00e4miseen<\/a><\/p>\n\n\n\n<p><a rel=\"noreferrer noopener\" href=\"https:\/\/helda.helsinki.fi\/handle\/10138\/318264\" target=\"_blank\">Meningsfullt l\u00e4rande i digital kontext<\/a><\/p>\n\n\n\n<p><a href=\"https:\/\/helda.helsinki.fi\/handle\/10138\/315518\" target=\"_blank\" rel=\"noreferrer noopener\">Taloudellisen lukutaidon opetus yl\u00e4koulun matematiikan oppitunnilla<\/a><\/p>\n\n\n\n<div style=\"height:20px\" aria-hidden=\"true\" class=\"wp-block-spacer\"><\/div>\n","protected":false},"excerpt":{"rendered":"<p>Material B\u00e5de under LUMATIKKA (2018\u20132022) och under LUMATIKKA+ (2023\u20132025) -projektperioden skapades en omfattande samling h\u00f6gklassigt material f\u00f6r undervisnings- och fostringspersonal. Allt elevcentrerat, aktiverande, konkret och inspirerande utbildningsmaterial som projekten gett upphov till finns fritt tillg\u00e4ngligt f\u00f6r alla intresserade. P\u00e5 s\u00e5 s\u00e4tt vill vi fr\u00e4mja alla finl\u00e4ndska l\u00e4rares m\u00f6jligheter att f\u00e5 st\u00f6d f\u00f6r utvecklingen av sin [&hellip;]<\/p>\n","protected":false},"author":12,"featured_media":0,"parent":0,"menu_order":0,"comment_status":"closed","ping_status":"closed","template":"","meta":{"footnotes":""},"class_list":["post-1702","page","type-page","status-publish","hentry"],"_links":{"self":[{"href":"https:\/\/lumatikka.luma.fi\/sv\/wp-json\/wp\/v2\/pages\/1702","targetHints":{"allow":["GET"]}}],"collection":[{"href":"https:\/\/lumatikka.luma.fi\/sv\/wp-json\/wp\/v2\/pages"}],"about":[{"href":"https:\/\/lumatikka.luma.fi\/sv\/wp-json\/wp\/v2\/types\/page"}],"author":[{"embeddable":true,"href":"https:\/\/lumatikka.luma.fi\/sv\/wp-json\/wp\/v2\/users\/12"}],"replies":[{"embeddable":true,"href":"https:\/\/lumatikka.luma.fi\/sv\/wp-json\/wp\/v2\/comments?post=1702"}],"version-history":[{"count":26,"href":"https:\/\/lumatikka.luma.fi\/sv\/wp-json\/wp\/v2\/pages\/1702\/revisions"}],"predecessor-version":[{"id":2524,"href":"https:\/\/lumatikka.luma.fi\/sv\/wp-json\/wp\/v2\/pages\/1702\/revisions\/2524"}],"wp:attachment":[{"href":"https:\/\/lumatikka.luma.fi\/sv\/wp-json\/wp\/v2\/media?parent=1702"}],"curies":[{"name":"wp","href":"https:\/\/api.w.org\/{rel}","templated":true}]}}