{"id":1693,"date":"2022-12-05T10:34:31","date_gmt":"2022-12-05T08:34:31","guid":{"rendered":"https:\/\/lumatikka.luma.fi\/sv\/?page_id=1693"},"modified":"2025-07-01T13:32:33","modified_gmt":"2025-07-01T10:32:33","slug":"tidigare-lumatikka-kurser","status":"publish","type":"page","link":"https:\/\/lumatikka.luma.fi\/sv\/material\/tidigare-lumatikka-kurser\/","title":{"rendered":"Tidigare LUMATIKKA-kurser"},"content":{"rendered":"\n<h1 class=\"wp-block-heading\">Tidigare LUMATIKKA-kurser<\/h1>\n\n\n\n<h2 class=\"wp-block-heading\">N\u00e4tkurser<\/h2>\n\n\n\n<p>Liksom kurserna i LUMATIKKA+ \u00e4r \u00e4ven n\u00e4tkurserna som baserar sig p\u00e5 LUMATIKKA-fortbildningsprogrammet (2018\u20132022) fortfarande avgiftsfritt tillg\u00e4ngliga f\u00f6r sj\u00e4lvstudier i DigiCampus-portalen. Kurserna i portalen utg\u00f6r ocks\u00e5 som material- och id\u00e9banker utan att de beh\u00f6ver avl\u00e4ggas. I dessa tidigare kurser ing\u00e5r inte l\u00e4ngre n\u00e5gon handledning.<\/p>\n\n\n\n<p>Programmet best\u00e5r av tre delar, som \u00e4r <strong>(1) den f\u00f6r alla l\u00e4rare gemensamma delen<\/strong>, <strong>(2) den utbildningsstadiespecifika delen<\/strong> samt <strong>(3) den valfria delen<\/strong> som ger en inblick i matematikens specialdidaktik. Det svenskspr\u00e5kiga programmet best\u00e5r av 9 kurser, det finskspr\u00e5kiga av 12.<\/p>\n\n\n\n<figure class=\"wp-block-image is-style-default\"><a href=\"https:\/\/lumatikka.luma.fi\/wp-content\/uploads\/2022\/10\/LUMATIKKA-ohjelman-Digicampus-kurssit.png\"><img decoding=\"async\" src=\"https:\/\/lumatikka.luma.fi\/wp-content\/uploads\/2022\/10\/LUMATIKKA-ohjelman-Digicampus-kurssit-1024x577.png\" alt=\"LUMATIKKA-ohjelma \/ LUMATIKKA-programmet 1. Aloita t\u00e4st\u00e4\/B\u00f6rja h\u00e4r: LUMATIKKA 1: Yhteinen kurssi \/ Gemensam kurs - Matematiikan polulla varhaiskasvatuksesta toiselle asteelle \/ P\u00e5 matematikstigen fr\u00e5n sm\u00e5barnspedagogiken till andra stadiet 2. Valitse itsellesin sopivin \/ V\u00e4lj den som passar dig b\u00e4st: LUMATIKKA 2: Opetusastekohtaiset kurssit \/ \u00c5rskursspecifika kurser - Varhaiskasvatuksen ja esiopetuksen matematiikkaa lapsil\u00e4ht\u00f6isesti \/ Matematik inom sm\u00e5barnspedagogik och f\u00f6rskola - med barnet i centrum! - Luokkien 1-6 matematiikkaa oppilasl\u00e4ht\u00f6isesti ja toiminnallisesti \/ Aktiverande och elevcentrerad matematik i \u00e5rskurserna 1-6 - Luokkien 7-9 matematiikkaa oppilasl\u00e4ht\u00f6isesti ja toiminnallisesti \/ Aktiverande och elevcentrerad matematik i \u00e5rskurserna 7-9 - Lukiomatematiikkaa opiskelijakeskeisesti ja mielekk\u00e4\u00e4sti - Ammatillisen koulutuksen matematiikkaa opiskelijakeskeisesti 3. Valitse mieleiset \/ V\u00e4lj de som intresserar dig: LUMATIKKA 3: Erityisdidaktiikan valinnaiskurssit \/ Valfria kurser i specialdidaktik - Matematiikkaa kehollisesti ja liikkuen \/ Matematik i r\u00f6relse - Ohjelmoinnin merkitys matematiikan opetuksessa \/ Programmering - Ymm\u00e4rryst\u00e4 ongelmanratkaisuun \/ Att f\u00f6rst\u00e5 probleml\u00f6sning - Algoritmisen ajattelun kehitt\u00e4minen - Matematiikka ja taide - Matematik som verktyg i naturvetenskap - Projektl\u00e4rande \/ Ks. Projektioppiminen LUMA-aineissa (LUMA-keskus Suomi)\" class=\"wp-image-7857\"\/><\/a><\/figure>\n\n\n\n<p><strong>Kurserna inom det tidigare LUMATIKKA-programmet \u00e4r tillg\u00e4ngliga i DigiCampus-portalen <a href=\"https:\/\/digicampus.fi\/course\/index.php?categoryid=308\" target=\"_blank\" rel=\"noreferrer noopener\">via den h\u00e4r l\u00e4nken<\/a>.<\/strong> F\u00f6r att f\u00e5 tillg\u00e5ng till kurserna beh\u00f6ver du logga in p\u00e5 kursportalen. N\u00e4rmare information om vad kurserna inneh\u00e5ller och hur du kan avl\u00e4gga dem hittar p\u00e5 de sj\u00e4lva kurssidorna.<\/p>\n\n\n\n<h2 class=\"wp-block-heading\">Examensstudier<\/h2>\n\n\n\n<p>Tack vare samarbetet med l\u00e4rarutbildningar, som uppstod under projektperioden 2020\u20132022, var det m\u00f6jligt att f\u00e5 LUMATIKKA-kurser tillgodor\u00e4knade i studieregistren vid Helsingfors universitet och \u00c5bo Akademi. Detta samarbete har resulterat i att en del LUMATIKKA-kurser har, med n\u00e5gra sm\u00e5 \u00e4ndringar, kunnat inkluderas i studieprogrammen vid pedagogiska fakulteterna vid dessa tv\u00e5 universitet. Examensstuderandena vid Helsingfors universitet och \u00c5bo Akademi har allts\u00e5 \u00e4ven i forts\u00e4ttningen m\u00f6jlighet att avl\u00e4gga LUMATIKKA-kurser och att f\u00e5 sina studieprestationer registrerade som en del av sin examen. LUMATIKKA-kurserna vid Helsingfors universitet kan avl\u00e4ggas ocks\u00e5 mot en kursavgift via \u00d6ppna universitetet. <br><br>Observera att kurserna vid Helsingfors universitet och \u00c5bo Akademi erbjuds p\u00e5 universitetens egna, slutna l\u00e4rplattformar. F\u00f6r LUMATIKKA+ -kurserna p\u00e5 DigiCampus, som administreras av LUMA-center Finland-n\u00e4tverket, \u00e4r det <strong>INTE<\/strong> m\u00f6jligt att f\u00e5 studiepo\u00e4ng, och kursprestationerna kan inte heller l\u00e4ngre registreras som en del av en h\u00f6gskoleexamen. LUMA-center Finland besvarar inga fr\u00e5gor som ber\u00f6r examensstudierna, utan alla f\u00f6rfr\u00e5gningar som ber\u00f6r dem ska riktas till ansvarspersonerna vid de h\u00f6gskolor som erbjuder LUMATIKKA-kurser \u00e5t sina studerande. Detta g\u00e4ller ocks\u00e5 anh\u00e5llanden om vuxenutbildningsst\u00f6d. <\/p>\n\n\n\n<h2 class=\"wp-block-heading\">LUMATIKKA-studierna vid Helsingfors universitet<\/h2>\n\n\n\n<div class=\"wp-block-columns is-layout-flex wp-container-core-columns-is-layout-28f84493 wp-block-columns-is-layout-flex\">\n<div class=\"wp-block-column is-layout-flow wp-block-column-is-layout-flow\" style=\"flex-basis:50%\">\n<p>Pedagogiska fakulteten vid Helsingfors universitet erbjuder fem LUMATIKKA-kurser inom ramen f\u00f6r kandidatprogrammet och flerformsstudierna i pedagogik. Dessa fem kurser kan inkluderas i valfria studier i form av en studiehelhet i matematik p\u00e5 15 studiepo\u00e4ng. Kurserna erbjuds b\u00e5de p\u00e5 finska och p\u00e5 svenska.<\/p>\n<\/div>\n\n\n\n<div class=\"wp-block-column is-layout-flow wp-block-column-is-layout-flow\" style=\"flex-basis:50%\">\n<figure class=\"wp-block-image size-full is-resized is-style-default\"><img loading=\"lazy\" decoding=\"async\" width=\"700\" height=\"366\" src=\"https:\/\/lumatikka.luma.fi\/sv\/files\/2022\/12\/image-4.png\" alt=\"Helsingors universitet \/ Pedagogiska fakulteten -logo (en orange l\u00e5ga)\" class=\"wp-image-1695\" srcset=\"https:\/\/lumatikka.luma.fi\/sv\/files\/2022\/12\/image-4.png 700w, https:\/\/lumatikka.luma.fi\/sv\/files\/2022\/12\/image-4-300x157.png 300w\" sizes=\"auto, (max-width: 700px) 100vw, 700px\" \/><\/figure>\n<\/div>\n<\/div>\n\n\n\n<p>Enligt studieplanen vid Helsingfors universitet l\u00e4mpar sig studieavsnittet f\u00f6r personal inom sm\u00e5barnspedagogik och annan undervisande personal samt f\u00f6r personer som intresserar sig f\u00f6r undervisning och l\u00e4rande i matematik. Vi rekommenderar att flera personer fr\u00e5n samma arbetsplats avl\u00e4gger studieavsnittet samtidigt. Pedagogikstuderande b\u00f6r speciellt observera att det i kursen ing\u00e5r ett undervisningsexperiment som ska genomf\u00f6ras i en barn- eller elevgrupp och att varje studerande sj\u00e4lv \u00e4r ansvarig f\u00f6r att hitta en l\u00e4mplig undervisningsgrupp att genomf\u00f6ra experimentet i.<\/p>\n\n\n\n<p>Kurserna (\u00e0 5 sp) som erbjuds p\u00e5 svenska \u00e4r:<\/p>\n\n\n\n<ul class=\"wp-block-list\">\n<li>P\u00e5 matematikstigen fr\u00e5n sm\u00e5barnspedagogiken till andra stadiet<\/li>\n\n\n\n<li>Matematik inom sm\u00e5barnspedagogik och f\u00f6rskola \u2013 med barnet i centrum!<\/li>\n\n\n\n<li>Aktiverande och elevcentrerad matematik i \u00e5rskurserna 1\u20136<\/li>\n\n\n\n<li>Matematik genom konst och r\u00f6relse<\/li>\n\n\n\n<li>Projektl\u00e4rande och probleml\u00f6sningsf\u00f6rm\u00e5ga i matematikundervisningen<\/li>\n<\/ul>\n\n\n\n<p>De motsvarande finska kurserna hittar du p\u00e5 v\u00e5r finska webbplats (klicka p\u00e5 <em>Suomeksi <\/em>i menyn ovan).<\/p>\n\n\n\n<h2 class=\"wp-block-heading\">LUMATIKKA-kursen vid \u00c5bo Akademi<br><\/h2>\n\n\n\n<div class=\"wp-block-columns is-layout-flex wp-container-core-columns-is-layout-28f84493 wp-block-columns-is-layout-flex\">\n<div class=\"wp-block-column is-layout-flow wp-block-column-is-layout-flow\">\n<p>\u00c5bo Akademi erbjuder LUMATIKKA-kursen Matematik inom sm\u00e5barnspedagogik och f\u00f6rskoleundervisning (5 sp) \u00e5t kandidatstuderande och flerformsstuderande i pedagogik. Examensstuderande kan inkludera kursen i sin examen. Undervisningsspr\u00e5ket p\u00e5 kursen \u00e4r svenska.<\/p>\n<\/div>\n\n\n\n<div class=\"wp-block-column is-layout-flow wp-block-column-is-layout-flow\">\n<figure class=\"wp-block-image size-full is-resized is-style-default\"><img loading=\"lazy\" decoding=\"async\" width=\"321\" height=\"320\" src=\"https:\/\/lumatikka.luma.fi\/sv\/files\/2023\/12\/image-2.png\" alt=\"\" class=\"wp-image-2173\" style=\"width:177px;height:auto\" srcset=\"https:\/\/lumatikka.luma.fi\/sv\/files\/2023\/12\/image-2.png 321w, https:\/\/lumatikka.luma.fi\/sv\/files\/2023\/12\/image-2-300x300.png 300w, https:\/\/lumatikka.luma.fi\/sv\/files\/2023\/12\/image-2-150x150.png 150w\" sizes=\"auto, (max-width: 321px) 100vw, 321px\" \/><\/figure>\n<\/div>\n<\/div>\n","protected":false},"excerpt":{"rendered":"<p>Tidigare LUMATIKKA-kurser N\u00e4tkurser Liksom kurserna i LUMATIKKA+ \u00e4r \u00e4ven n\u00e4tkurserna som baserar sig p\u00e5 LUMATIKKA-fortbildningsprogrammet (2018\u20132022) fortfarande avgiftsfritt tillg\u00e4ngliga f\u00f6r sj\u00e4lvstudier i DigiCampus-portalen. Kurserna i portalen utg\u00f6r ocks\u00e5 som material- och id\u00e9banker utan att de beh\u00f6ver avl\u00e4ggas. I dessa tidigare kurser ing\u00e5r inte l\u00e4ngre n\u00e5gon handledning. Programmet best\u00e5r av tre delar, som \u00e4r (1) den [&hellip;]<\/p>\n","protected":false},"author":12,"featured_media":0,"parent":1702,"menu_order":1,"comment_status":"closed","ping_status":"closed","template":"","meta":{"footnotes":""},"class_list":["post-1693","page","type-page","status-publish","hentry"],"_links":{"self":[{"href":"https:\/\/lumatikka.luma.fi\/sv\/wp-json\/wp\/v2\/pages\/1693","targetHints":{"allow":["GET"]}}],"collection":[{"href":"https:\/\/lumatikka.luma.fi\/sv\/wp-json\/wp\/v2\/pages"}],"about":[{"href":"https:\/\/lumatikka.luma.fi\/sv\/wp-json\/wp\/v2\/types\/page"}],"author":[{"embeddable":true,"href":"https:\/\/lumatikka.luma.fi\/sv\/wp-json\/wp\/v2\/users\/12"}],"replies":[{"embeddable":true,"href":"https:\/\/lumatikka.luma.fi\/sv\/wp-json\/wp\/v2\/comments?post=1693"}],"version-history":[{"count":9,"href":"https:\/\/lumatikka.luma.fi\/sv\/wp-json\/wp\/v2\/pages\/1693\/revisions"}],"predecessor-version":[{"id":2558,"href":"https:\/\/lumatikka.luma.fi\/sv\/wp-json\/wp\/v2\/pages\/1693\/revisions\/2558"}],"up":[{"embeddable":true,"href":"https:\/\/lumatikka.luma.fi\/sv\/wp-json\/wp\/v2\/pages\/1702"}],"wp:attachment":[{"href":"https:\/\/lumatikka.luma.fi\/sv\/wp-json\/wp\/v2\/media?parent=1693"}],"curies":[{"name":"wp","href":"https:\/\/api.w.org\/{rel}","templated":true}]}}