{"id":1674,"date":"2022-12-05T09:44:23","date_gmt":"2022-12-05T07:44:23","guid":{"rendered":"https:\/\/lumatikka.luma.fi\/sv\/?page_id=1674"},"modified":"2025-07-01T14:03:08","modified_gmt":"2025-07-01T11:03:08","slug":"vad-lumatikka","status":"publish","type":"page","link":"https:\/\/lumatikka.luma.fi\/sv\/hem\/vad-lumatikka\/","title":{"rendered":"Vad \u00e4r LUMATIKKA?"},"content":{"rendered":"\n<h1 class=\"wp-block-heading\">Vad \u00e4r LUMATIKKA?<\/h1>\n\n\n\n<p>LUMATIKKA \u00e4r en fortbildning\u00a0om undervisning och l\u00e4rande i matematik. Fortbildningen l\u00e4mpar sig f\u00f6r undervisande personal som i sitt arbete inom sm\u00e5barnspedagogik, f\u00f6rskoleundervisning, grundl\u00e4ggande utbildning eller andra stadiets utbildning jobbar med matematik. Det f\u00f6rsta programmet, som vann en hel del ber\u00f6m, genomf\u00f6rdes under \u00e5ren 2018\u20132022. LUMATIKKA+ \u00e4r en uppdaterad version av den tidigare LUMATIKKA-fortbildningshelheten. Programmet genomf\u00f6rdes av LUMA-center Finland-n\u00e4tverket. Tack vare finansieringen fr\u00e5n Utbildningsstyrelsen, som garanterats \u00e4nda till sommaren 2025, var det avgiftsfritt f\u00f6r undervisande personal att delta i utbildningen. Fr\u00e5n och med juli 2025 \u00e4r LUMATIKKA+-kurserna tillg\u00e4ngliga som avgiftsfria sj\u00e4lvstudieversioner, p\u00e5 samma s\u00e4tt som de tidigare LUMATIKKA-kurserna.Du kan l\u00e4sa n\u00e4rmare om programmets historia och v\u00e5ra sakkunniga i sektionen <a href=\"https:\/\/lumatikka.luma.fi\/sv\/om-oss\/\">Om oss<\/a>, som du hittar via menyraden ovan.<\/p>\n\n\n\n<figure class=\"wp-block-image aligncenter is-resized is-style-default\"><a href=\"https:\/\/lumatikka.luma.fi\/wp-content\/uploads\/2023\/11\/IMG_4144_2_kylma-scaled.jpg\"><img decoding=\"async\" src=\"https:\/\/lumatikka.luma.fi\/wp-content\/uploads\/2023\/11\/IMG_4144_2_kylma-1024x683.jpg\" alt=\"LUMATIKKA+ -hanketiimi\u00e4 Helsingin suunnittelup\u00e4ivill\u00e4. Kuvassa osa ihmisist\u00e4 istuu sohvilla ja osa seisoo niiden takana. Kaikki katsovat iloisesti tietokonetta, joka on yhden sohvalla istuvan syliss\u00e4.\" class=\"wp-image-9685\" style=\"width:585px;height:auto\"\/><\/a><\/figure>\n\n\n\n<p>Du hittar oss p\u00e5 f\u00f6ljande st\u00e4llen:<\/p>\n\n\n\n<ul class=\"wp-block-list\">\n<li><a href=\"https:\/\/lumatikka.luma.fi\/verkkokoulutukset\/\" target=\"_blank\" rel=\"noreferrer noopener\"><strong>N\u00e4tbaserade utbildningar<\/strong><\/a><strong>:<\/strong> Helheten med LUMATIKKA+ -sj\u00e4lvstudiekurser finns avgiftsfritt tillg\u00e4nglig i portalen <strong><u><strong><a href=\"https:\/\/digicampus.fi\/course\/index.php?categoryid=168\" target=\"_blank\" rel=\"noreferrer noopener\">Digicampus<\/a><\/strong><\/u><\/strong>. Studierna p\u00e5 kurserna \u00e4r flexibla. Kursutbudet p\u00e5 svenska \u00e4r n\u00e5got mer begr\u00e4nsat \u00e4n det finska.<\/li>\n\n\n\n<li><strong><u><a href=\"https:\/\/lumatikka.luma.fi\/lahikoulutukset\/\">N\u00e4rstudietr\u00e4ffar<\/a><\/u>:<\/strong> Inom ramen f\u00f6r fortbildning erbjuds enskilda n\u00e4rstudietr\u00e4ffar p\u00e5 finska. Det ordnas n\u00e4rstudietr\u00e4ffar p\u00e5 olika h\u00e5ll i Finland. Det ges mer information om enskilda n\u00e4rstudietr\u00e4ffar n\u00e4r s\u00e5dana planeras.<\/li>\n\n\n\n<li><strong><a href=\"https:\/\/lumatikka.luma.fi\/sv\/material\/\" data-type=\"link\" data-id=\"https:\/\/lumatikka.luma.fi\/sv\/material\/\">Kursmaterial<\/a>:<\/strong> Under projekt\u00e5ren 2018\u20132022 och 2023\u20132025 sammanst\u00e4lldes en omfattande samling h\u00f6gklassiga utbildningsvideor med hj\u00e4lp av ett flertal sakkunniga inom det pedagogiska omr\u00e5det. Dessa videor \u00e4r fritt tillg\u00e4ngliga p\u00e5 <a href=\"https:\/\/www.youtube.com\/channel\/UCVpy4MPxTEdNrKlaWurB7qg\">LUMATIKKA-projektets Youtube-kanal<\/a>. Av videorna och det \u00f6vriga kursmaterialet har det skapats separata materialsamlingar ocks\u00e5 i\u00a0<a href=\"https:\/\/aoe.fi\/#\/haku\">Biblioteket f\u00f6r \u00f6ppna l\u00e4rresurser<\/a>. I v\u00e5rt kursmaterial hittar du ocks\u00e5 kurserna som erbj\u00f6ds under den tidigare LUMATIKKA-projektperioden, som l\u00e4mpar sig b\u00e5de f\u00f6r examensstuderande och andra intresserade f\u00f6r sj\u00e4lvstudier.<\/li>\n\n\n\n<li><strong><u><a href=\"https:\/\/lumatikka.luma.fi\/blogi\/\">Blogg<\/a><\/u>:<\/strong> P\u00e5 v\u00e5r finskspr\u00e5kiga blogg kan du l\u00e4sa v\u00e5ra inl\u00e4gg om olika teman kring matematikundervisning.<\/li>\n\n\n\n<li><strong><u><a href=\"https:\/\/lumatikka.luma.fi\/sv\/kontaktuppgifter\/\">Kontaktuppgifte<\/a><\/u><\/strong><a href=\"https:\/\/lumatikka.luma.fi\/yhteystiedot\/\"><strong><u>r<\/u><\/strong><\/a><strong>:<\/strong> Ta g\u00e4rna kontakt om du undrar \u00f6ver n\u00e5got kring v\u00e5ra kurser och om du inte hittar svar p\u00e5 dina fr\u00e5gor h\u00e4r p\u00e5 v\u00e5r webbplats. Svar p\u00e5 en del fr\u00e5gor om hur man avl\u00e4gger studier inom utbildningsprogrammet hittar du ocks\u00e5 p\u00e5 sidan <a href=\"https:\/\/lumatikka.luma.fi\/sv\/om-oss\/faq\/\"><strong>Fr\u00e5gor och svar<\/strong><\/a> i Om oss-menyn i menyraden ovan. Observera att du hittar oss ocks\u00e5 p\u00e5 sociala medier. B\u00e5de p\u00e5 Facebook och Instagram har vi en egen profil under namnet LUMATIKKA. F\u00f6lj oss g\u00e4rna d\u00e4r!<\/li>\n<\/ul>\n\n\n\n<p>Det elevcentrerade, aktiverande och praktiskt orienterade inneh\u00e5llet p\u00e5 v\u00e5ra kurser hj\u00e4lper en att v\u00e4cka och st\u00e4rka elevernas matematikintresse p\u00e5 ett flertal olika s\u00e4tt. V\u00e4lkommen att ta en titt p\u00e5 materialet och att delta i utbildningen!<\/p>\n\n\n\n<div style=\"height:44px\" aria-hidden=\"true\" class=\"wp-block-spacer\"><\/div>\n","protected":false},"excerpt":{"rendered":"<p>Vad \u00e4r LUMATIKKA? LUMATIKKA \u00e4r en fortbildning\u00a0om undervisning och l\u00e4rande i matematik. Fortbildningen l\u00e4mpar sig f\u00f6r undervisande personal som i sitt arbete inom sm\u00e5barnspedagogik, f\u00f6rskoleundervisning, grundl\u00e4ggande utbildning eller andra stadiets utbildning jobbar med matematik. Det f\u00f6rsta programmet, som vann en hel del ber\u00f6m, genomf\u00f6rdes under \u00e5ren 2018\u20132022. LUMATIKKA+ \u00e4r en uppdaterad version av den tidigare [&hellip;]<\/p>\n","protected":false},"author":12,"featured_media":0,"parent":2,"menu_order":1,"comment_status":"closed","ping_status":"closed","template":"","meta":{"footnotes":""},"class_list":["post-1674","page","type-page","status-publish","hentry"],"_links":{"self":[{"href":"https:\/\/lumatikka.luma.fi\/sv\/wp-json\/wp\/v2\/pages\/1674","targetHints":{"allow":["GET"]}}],"collection":[{"href":"https:\/\/lumatikka.luma.fi\/sv\/wp-json\/wp\/v2\/pages"}],"about":[{"href":"https:\/\/lumatikka.luma.fi\/sv\/wp-json\/wp\/v2\/types\/page"}],"author":[{"embeddable":true,"href":"https:\/\/lumatikka.luma.fi\/sv\/wp-json\/wp\/v2\/users\/12"}],"replies":[{"embeddable":true,"href":"https:\/\/lumatikka.luma.fi\/sv\/wp-json\/wp\/v2\/comments?post=1674"}],"version-history":[{"count":18,"href":"https:\/\/lumatikka.luma.fi\/sv\/wp-json\/wp\/v2\/pages\/1674\/revisions"}],"predecessor-version":[{"id":2561,"href":"https:\/\/lumatikka.luma.fi\/sv\/wp-json\/wp\/v2\/pages\/1674\/revisions\/2561"}],"up":[{"embeddable":true,"href":"https:\/\/lumatikka.luma.fi\/sv\/wp-json\/wp\/v2\/pages\/2"}],"wp:attachment":[{"href":"https:\/\/lumatikka.luma.fi\/sv\/wp-json\/wp\/v2\/media?parent=1674"}],"curies":[{"name":"wp","href":"https:\/\/api.w.org\/{rel}","templated":true}]}}