{"id":149,"date":"2018-05-28T08:07:39","date_gmt":"2018-05-28T05:07:39","guid":{"rendered":"https:\/\/lumatikka.luma.fi\/sv\/?page_id=149"},"modified":"2023-01-03T15:32:46","modified_gmt":"2023-01-03T13:32:46","slug":"smabarnspedagogik","status":"publish","type":"page","link":"https:\/\/lumatikka.luma.fi\/sv\/natstudiekurser\/smabarnspedagogik\/","title":{"rendered":"Sm\u00e5barnspedagogik och f\u00f6rskoleundervisning"},"content":{"rendered":"\n<h1 class=\"wp-block-heading\"><strong>LUMATIKKA 2: Matematik inom sm\u00e5barnspedagogik och f\u00f6rskola \u2013 med barnet i centrum!<\/strong><\/h1>\n\n\n\n<pre class=\"wp-block-preformatted\">LUMATIKKA 2: <a rel=\"noreferrer noopener\" href=\"https:\/\/digicampus.fi\/course\/view.php?id=3553\" data-type=\"URL\" data-id=\"https:\/\/digicampus.fi\/course\/view.php?id=3553\" target=\"_blank\"><strong>Fr\u00e5n den h\u00e4r l\u00e4nken<\/strong><\/a> <strong>kan du ta dig till kursen <\/strong><em>Matematik inom sm\u00e5barnspedagogik och f\u00f6rskola \u2013med barnet i centrum!<\/em><strong> p\u00e5 Digicampus<\/strong>. Instruktioner f\u00f6r hur du loggar in p\u00e5 Digicampus och registrerar dig p\u00e5 kurser samt tips f\u00f6r hur du studerar p\u00e5 kurserna hittar du p\u00e5 sidan <a href=\"https:\/\/lumatikka.luma.fi\/sv\/sjalvstudiekurser\/\" data-type=\"URL\" data-id=\"https:\/\/lumatikka.luma.fi\/sv\/sjalvstudiekurser\/\">Sj\u00e4lvstudiekurser<\/a> via menyn ovan. P\u00e5 den h\u00e4r sidan hittar du en n\u00e4rmare beskrivning av kursinneh\u00e5llet och -uppl\u00e4gget.<\/pre>\n\n\n\n<h2 class=\"wp-block-heading\">Beskrivning<\/h2>\n\n\n\n<blockquote class=\"wp-block-quote is-style-default is-layout-flow wp-block-quote-is-layout-flow\">\n<p><em>Lela bor i havet. En g\u00e5ng l\u00e4t fiskkonungen Lela dricka en trolldryck, och Lela f\u00f6rvandlades fr\u00e5n fisk till m\u00e4nniska. Lela steg upp p\u00e5 land och gick omkring. P\u00e5 land fick hon se m\u00e5nga nya saker, den ena f\u00f6runderligare \u00e4n den andra. Till sist hittade Lela fram till ett dagis, och det var ett riktigt sp\u00e4nnande st\u00e4lle! P\u00e5 dagiset var det igen dags att samla ihop alla leksakerna. Barnen hade byggt ett slott med lego- och tr\u00e4klossar i olika f\u00e4rger. Lela sorterade bl\u00e5, r\u00f6da och gula byggklossar i olika l\u00e5dor. Nicke la \u00e5 sin sida lego- och tr\u00e4klossarna i olika l\u00e5dor. Du kan s\u00e4kert gissa att allt var annorlunda p\u00e5 land \u00e4n p\u00e5 havets botten \u2013 ocks\u00e5 hur man samlade ihop sina leksaker! P\u00e5 vilka olika s\u00e4tt kan man sortera leksakerna? P\u00e5 dagis hittar man n\u00e5got nytt och sp\u00e4nnande varje dag!<\/em><\/p>\n<\/blockquote>\n\n\n\n<figure class=\"wp-block-image size-large\"><img loading=\"lazy\" decoding=\"async\" width=\"1024\" height=\"473\" src=\"https:\/\/lumatikka.luma.fi\/sv\/files\/2020\/02\/niksu_lela_6-1024x473.jpg\" alt=\"Nicke visar sex fingrar, Lela har skrivit siffran 6 p\u00e5 pappret.\" class=\"wp-image-887\" srcset=\"https:\/\/lumatikka.luma.fi\/sv\/files\/2020\/02\/niksu_lela_6-1024x473.jpg 1024w, https:\/\/lumatikka.luma.fi\/sv\/files\/2020\/02\/niksu_lela_6-300x139.jpg 300w, https:\/\/lumatikka.luma.fi\/sv\/files\/2020\/02\/niksu_lela_6-768x355.jpg 768w, https:\/\/lumatikka.luma.fi\/sv\/files\/2020\/02\/niksu_lela_6-1536x709.jpg 1536w, https:\/\/lumatikka.luma.fi\/sv\/files\/2020\/02\/niksu_lela_6-2048x946.jpg 2048w\" sizes=\"auto, (max-width: 1024px) 100vw, 1024px\" \/><figcaption class=\"wp-element-caption\"> <em> Illustration av ber\u00e4ttelserna om Lela, Emilia Erfving<\/em>.<\/figcaption><\/figure>\n\n\n\n<p>Kursen ger dig konkreta id\u00e9er om hur barnens matematiska t\u00e4nkande kan utvecklas med hj\u00e4lp av den h\u00e4r typen av vardagliga situationer. P\u00e5 kursen f\u00e5r deltagarna bekanta sig med boken <em>Lelas matematik\u00e4ventyr p\u00e5 dagis<\/em>. Du kan ladda ner boken gratis <a rel=\"noreferrer noopener\" href=\"https:\/\/aoe.fi\/#\/materiaali\/337\" data-type=\"URL\" data-id=\"https:\/\/aoe.fi\/#\/materiaali\/337\" target=\"_blank\">via den h\u00e4r l\u00e4nken<\/a>. Kursdeltagarna ledsagas av figurerna Lela och Nicke genom olika l\u00e4roinneh\u00e5ll i matematik inom sm\u00e5barnspedagogiken, s\u00e5som matematiska relationer, m\u00e4tning, statistik och programmering. Matematiken integreras i gymnastik och milj\u00f6fostran och betraktas i ljuset av barnets kognitiva utveckling och de aktuella l\u00e4roplanerna. <\/p>\n\n\n\n<p>\u00c5ldersanpassad pedagogik f\u00f6r matematikundervisning och olika st\u00f6dformer f\u00f6r matematikl\u00e4rande \u00e4r teman som ocks\u00e5 behandlas p\u00e5 kursen utifr\u00e5n de nyaste forskningsr\u00f6nen. &nbsp;Kursen har som m\u00e5l att erbjuda verktyg f\u00f6r en matematikundervisning d\u00e4r barnen l\u00e4r sig grundl\u00e4ggande matematiska f\u00e4rdigheter utifr\u00e5n vardagen p\u00e5 dagis och d\u00e4r man jobbar s\u00e5v\u00e4l barnorienterat, fenomenbaserat och med fokus p\u00e5 \u00e5sk\u00e5dligg\u00f6rande. <\/p>\n\n\n\n<figure class=\"wp-block-image aligncenter size-large is-resized is-style-default\"><img loading=\"lazy\" decoding=\"async\" src=\"https:\/\/lumatikka.luma.fi\/sv\/files\/2023\/01\/SMB-Digicampus--545x1024.jpg\" alt=\"Kursinneh\u00e5ll i kursens n\u00e4tplattform Digicampus:\n1. V\u00e4lkommen p\u00e5 kursen\n2. Lela och havsmatematiken \n3. Matematik i vardagen \n4. Tid\n5. De nationella styrdokumenten\n6. M\u00e4tning\n7. Kognitiv utveckling\n8. F\u00f6rmatematiska kunskaper och f\u00e4rdigheter\n9. Matematik via spr\u00e5ket\n10. Taluppfattning\n11. \u00c5ldersanpassad pedagogik\n12. Former i v\u00e5r omgivning\n13. Statistik\n14. St\u00f6dformer i matematik\n15. Programmering\n16. Probleml\u00f6sning\n17. Matematik i samh\u00e4llet\n18. TEORIEXPERT\n19. UNDERVISNINGSUTVECKLARE\n20. DIPLOM\n21. Kursteam\" class=\"wp-image-1994\" width=\"362\" height=\"679\" srcset=\"https:\/\/lumatikka.luma.fi\/sv\/files\/2023\/01\/SMB-Digicampus--545x1024.jpg 545w, https:\/\/lumatikka.luma.fi\/sv\/files\/2023\/01\/SMB-Digicampus--160x300.jpg 160w, https:\/\/lumatikka.luma.fi\/sv\/files\/2023\/01\/SMB-Digicampus--768x1442.jpg 768w, https:\/\/lumatikka.luma.fi\/sv\/files\/2023\/01\/SMB-Digicampus--818x1536.jpg 818w, https:\/\/lumatikka.luma.fi\/sv\/files\/2023\/01\/SMB-Digicampus--1091x2048.jpg 1091w, https:\/\/lumatikka.luma.fi\/sv\/files\/2023\/01\/SMB-Digicampus--scaled.jpg 1364w\" sizes=\"auto, (max-width: 362px) 100vw, 362px\" \/><figcaption class=\"wp-element-caption\"><em>Kursinneh\u00e5llet p\u00e5 kursplattformen Digicampus<\/em>.<\/figcaption><\/figure>\n\n\n\n<h2 class=\"wp-block-heading\">M\u00e5lgrupp<\/h2>\n\n\n\n<p>Kursen riktar sig till l\u00e4rare i sm\u00e5barnspedagogik, f\u00f6rskoll\u00e4rare och socionomer i sm\u00e5barnspedagogik. D\u00e4rut\u00f6ver kan kursen vara av nytta f\u00f6r barnsk\u00f6tare som i sitt arbete jobbar med matematik samt f\u00f6r dem som studerar till ett yrke i branschen. Dessutom kan vem som helst som intresserar sig f\u00f6r undervisningen om f\u00f6rmatematiska f\u00e4rdigheter bekanta sig med kursmaterialet.<\/p>\n\n\n\n<div class=\"wp-block-group is-layout-flow wp-block-group-is-layout-flow\">\n<h2 class=\"wp-block-heading\">Kursuppl\u00e4gg<\/h2>\n\n\n\n<p>Du kan avl\u00e4gga kursen n\u00e4r som helst och var som helst.&nbsp;Kursen best\u00e5r av tv\u00e5 delar: en teoribaserad del f\u00f6r&nbsp;<em>teoriexperter&nbsp;<\/em>och en mer praktiskt orienterad del f\u00f6r&nbsp;<em>undervisningsutvecklare<\/em>. Teoridelen avl\u00e4gger du genom att bekanta dig med kursmaterialet och genom att g\u00f6ra de tillh\u00f6rande teoritesterna. Den praktiskt orienterade&nbsp;<em>undervisningsutvecklare-<\/em>kursdelen g\u00e5r i sin tur ut p\u00e5 att du i slutet av kursen ska genomf\u00f6ra ett undervisningsexperiment, som f\u00f6rdjupar ditt teorikunnande och ger dig m\u00f6jlighet att till\u00e4mpa det i praktiken. Undervisningsexperimentet kan du genomf\u00f6ra antingen i din egen eller en kollegas barngrupp eller med bekantas barn. Efter att du har avlagt b\u00e5da kursdelarna f\u00e5r du ett diplom f\u00f6r slutf\u00f6rd kurs.<\/p>\n\n\n\n<figure class=\"wp-block-table is-style-stripes\"><table><thead><tr><td><strong>Ungef\u00e4rlig tids\u00e5tg\u00e5ng &nbsp; &nbsp;<\/strong><\/td><td><strong>Uppgift&nbsp;<\/strong><\/td><\/tr><\/thead><tbody><tr><td><strong>20 tim.<\/strong><\/td><td>Bekanta dig med teoridelen av kursen och g\u00f6r teoritestet.<\/td><\/tr><tr><td><strong>10 tim.<\/strong><\/td><td>Bekanta dig med materialet i kursdelen f\u00f6r&nbsp;<em>undervisningsutvecklare&nbsp;<\/em>och utarbeta en plan f\u00f6r ditt undervisningsexperiment.&nbsp;&nbsp;<\/td><\/tr><tr><td><strong>15 tim.<\/strong><\/td><td>Genomf\u00f6r och reflektera \u00f6ver undervisningsexperimentet och sammanst\u00e4ll en presentation f\u00f6r dina kollegor.&nbsp; &nbsp; &nbsp; &nbsp; &nbsp; &nbsp; &nbsp; &nbsp; &nbsp; &nbsp; &nbsp; &nbsp; &nbsp; &nbsp; &nbsp;<\/td><\/tr><\/tbody><\/table><figcaption class=\"wp-element-caption\">Ungef\u00e4rlig uppskattning av omfattningen av studierna.<\/figcaption><\/figure>\n\n\n\n<h3 class=\"wp-block-heading\"><strong>Teoriexperten<\/strong><\/h3>\n\n\n\n<p>\u2713 har en f\u00f6rst\u00e5else f\u00f6r hur olika vardagliga situationer kan utnyttjas n\u00e4r man st\u00f6der barnens matematiska t\u00e4nkande<\/p>\n\n\n\n<p>\u2713 har f\u00e5tt en inblick i hur matematiken kan betraktas i ljuset av l\u00e4roplanerna f\u00f6r sm\u00e5barnspedagogik och barnens kognitiva utveckling<\/p>\n\n\n\n<p>\u2713 \u00e4r medveten om sambandet mellan sm\u00e5barnspedagogiken och de senare matematiska f\u00e4rdigheterna hos ett barn<\/p>\n\n\n\n<p>\u2713 k\u00e4nner till hur man kan bygga ett fundament till utvecklingen av och st\u00f6da l\u00e4randet av f\u00f6ljande matematiska teman: taluppfattning, m\u00e4tning, geometri, tidsbegreppet, programmering och matematiska relationer.<\/p>\n\n\n\n<h3 class=\"wp-block-heading\"><strong>Undervisningsutvecklaren<\/strong><\/h3>\n\n\n\n<p>\u2713 vet hur man st\u00f6der barn som inte \u00e4nnu b\u00f6rjat skolan med utvecklingen av deras matematiska t\u00e4nkande i den pedagogiska verksamheten i sm\u00e5barnspedagogiken eller f\u00f6rskoleundervisningen<\/p>\n\n\n\n<p>\u2713 f\u00f6rst\u00e5r vikten av kontinuerlig utveckling och ett unders\u00f6kande arbetss\u00e4tt f\u00f6r sitt eget arbete och ser dem som tillg\u00e5ngar i sitt undervisnings- och fostringsarbete<\/p>\n\n\n\n<p>\u2713 vet hur man utvecklar sin egen undervisning utifr\u00e5n forskningsresultat, personliga reflektioner och kollegiala diskussioner.<\/p>\n\n\n\n<h2 class=\"wp-block-heading\">Ett smakprov fr\u00e5n kursen <\/h2>\n\n\n\n<figure class=\"wp-block-embed is-type-video is-provider-youtube wp-block-embed-youtube wp-embed-aspect-16-9 wp-has-aspect-ratio\"><div class=\"wp-block-embed__wrapper\">\n<iframe loading=\"lazy\" title=\"Geometriska kroppar - Geometriset muodot\" width=\"500\" height=\"281\" src=\"https:\/\/www.youtube.com\/embed\/FSMprHY0aMU?start=1&#038;wmode=transparent&amp;rel=0&amp;feature=oembed\" frameborder=\"0\" allow=\"accelerometer; autoplay; clipboard-write; encrypted-media; gyroscope; picture-in-picture; web-share\" referrerpolicy=\"strict-origin-when-cross-origin\" allowfullscreen><\/iframe>\n<\/div><figcaption class=\"wp-element-caption\">Trots att vi s\u00e4llan anv\u00e4nder just ordet geometri tillsammans med barnen s\u00e5 \u00e4r det h\u00e4r ju former som barnet m\u00f6ter dagligen. H\u00e4r kan det matematiska l\u00e4randet och spr\u00e5kl\u00e4randet f\u00f6ljas \u00e5t. Video: Ann-Catherine Henriksson. <\/figcaption><\/figure>\n<\/div>\n\n\n\n<h2 class=\"wp-block-heading\">Feedback fr\u00e5n deltagare<\/h2>\n\n\n\n<blockquote class=\"wp-block-quote is-layout-flow wp-block-quote-is-layout-flow\" style=\"font-size:clamp(14px, 0.875rem + ((1vw - 3.2px) * 0.208), 16px);\">\n<p><em>Jag har l\u00e4rt mig j\u00e4ttemycket tack vare den h\u00e4r kursen. Jag tycker att de olika delomr\u00e5dena har tagits upp p\u00e5 ett mycket anv\u00e4ndbart och samtidigt l\u00e4ttf\u00f6rst\u00e5eligt s\u00e4tt. Det material som vi har f\u00e5tt ta del av p\u00e5 den h\u00e4r kursen kommer att vara mycket anv\u00e4ndbart i det praktiska arbetet. Alla fina tips och id\u00e9er \u00e4r ocks\u00e5 superbra.<\/em><\/p>\n<cite>\u2013 deltagare som \u00e4r studieledig f\u00f6r att studera sm\u00e5barnspedagogik<\/cite><\/blockquote>\n\n\n\n<blockquote class=\"wp-block-quote is-layout-flow wp-block-quote-is-layout-flow\" style=\"font-size:clamp(14px, 0.875rem + ((1vw - 3.2px) * 0.208), 16px);\">\n<p>Kursen har varit m\u00e5ngsidig och till stor nytta. Den har f\u00e5tt mig att reflektera n\u00e4rmare \u00f6ver l\u00e4randet och undervisningen i matematik och gett mig flera goda genomf\u00f6rbara och insiktsfulla id\u00e9er och uppgifter jag kan jobba med tillsammans med barnen.<\/p>\n<cite>\u2013 f\u00f6rskoll\u00e4rare<\/cite><\/blockquote>\n\n\n\n<blockquote class=\"wp-block-quote is-layout-flow wp-block-quote-is-layout-flow\" style=\"font-size:clamp(14px, 0.875rem + ((1vw - 3.2px) * 0.208), 16px);\">\n<p>Under kursens g\u00e5ng fick jag mycket inspiration och nya id\u00e9er om hur jag kan jobba med matematik i verksamheten. Ber\u00e4ttelserna om Lela tar upp matematiska teman p\u00e5 ett s\u00e4tt som tilltalar barn, de \u00e4r intressanta och anv\u00e4ndbara. Speciellt mycket tyckte jag om delen Matematik i samh\u00e4llet, den fick mig att fundera p\u00e5 och uppt\u00e4cka (f\u00f6r mig f\u00f6re detta) \u201dosynlig\u201d matematik i vardagen. Tack!<\/p>\n<cite>&nbsp;-deltagare som studerar till l\u00e4rare inom sm\u00e5barnspedagogik<\/cite><\/blockquote>\n\n\n\n<h2 class=\"wp-block-heading\">Kursteamet<\/h2>\n\n\n\n<div class=\"wp-block-columns is-layout-flex wp-container-core-columns-is-layout-28f84493 wp-block-columns-is-layout-flex\">\n<div class=\"wp-block-column is-layout-flow wp-block-column-is-layout-flow\">\n<h3 class=\"wp-block-heading\">Det huvudsakliga <br>planeringsteamet<\/h3>\n\n\n\n<p>Martina Aaltonen <br>Emilia Manninen <br>Heidi Filppa <br>Anni Jyrinsalo <br>Maria Larionova <br>Salla Jansson <br>Jonna Kangas <br>Ann-Catherine Henriksson <br>Inkeri Sundqvist <br>Eveliina Hietakymi<\/p>\n<\/div>\n\n\n\n<div class=\"wp-block-column is-layout-flow wp-block-column-is-layout-flow\">\n<h3 class=\"wp-block-heading\">Resten av planerings- och utbildareteamet<\/h3>\n\n\n\n<p>Johanna Hirvi <br>Eva Staffans <br>Jyrki Reunamo<br>Susanna Toikka<br>Alisa Uusi-Kilponen<\/p>\n<\/div>\n<\/div>\n","protected":false},"excerpt":{"rendered":"<p>LUMATIKKA 2: Matematik inom sm\u00e5barnspedagogik och f\u00f6rskola \u2013 med barnet i centrum! LUMATIKKA 2: Fr\u00e5n den h\u00e4r l\u00e4nken kan du ta dig till kursen Matematik inom sm\u00e5barnspedagogik och f\u00f6rskola \u2013med barnet i centrum! p\u00e5 Digicampus. Instruktioner f\u00f6r hur du loggar in p\u00e5 Digicampus och registrerar dig p\u00e5 kurser samt tips f\u00f6r hur du studerar p\u00e5 [&hellip;]<\/p>\n","protected":false},"author":2,"featured_media":0,"parent":1759,"menu_order":0,"comment_status":"closed","ping_status":"closed","template":"","meta":{"footnotes":""},"class_list":["post-149","page","type-page","status-publish","hentry"],"_links":{"self":[{"href":"https:\/\/lumatikka.luma.fi\/sv\/wp-json\/wp\/v2\/pages\/149","targetHints":{"allow":["GET"]}}],"collection":[{"href":"https:\/\/lumatikka.luma.fi\/sv\/wp-json\/wp\/v2\/pages"}],"about":[{"href":"https:\/\/lumatikka.luma.fi\/sv\/wp-json\/wp\/v2\/types\/page"}],"author":[{"embeddable":true,"href":"https:\/\/lumatikka.luma.fi\/sv\/wp-json\/wp\/v2\/users\/2"}],"replies":[{"embeddable":true,"href":"https:\/\/lumatikka.luma.fi\/sv\/wp-json\/wp\/v2\/comments?post=149"}],"version-history":[{"count":59,"href":"https:\/\/lumatikka.luma.fi\/sv\/wp-json\/wp\/v2\/pages\/149\/revisions"}],"predecessor-version":[{"id":2083,"href":"https:\/\/lumatikka.luma.fi\/sv\/wp-json\/wp\/v2\/pages\/149\/revisions\/2083"}],"up":[{"embeddable":true,"href":"https:\/\/lumatikka.luma.fi\/sv\/wp-json\/wp\/v2\/pages\/1759"}],"wp:attachment":[{"href":"https:\/\/lumatikka.luma.fi\/sv\/wp-json\/wp\/v2\/media?parent=149"}],"curies":[{"name":"wp","href":"https:\/\/api.w.org\/{rel}","templated":true}]}}