{"id":141,"date":"2018-05-28T08:03:31","date_gmt":"2018-05-28T05:03:31","guid":{"rendered":"https:\/\/lumatikka.luma.fi\/sv\/?page_id=141"},"modified":"2022-12-13T13:43:09","modified_gmt":"2022-12-13T11:43:09","slug":"arskursspecifika-delen","status":"publish","type":"page","link":"https:\/\/lumatikka.luma.fi\/sv\/arskursspecifika-delen\/","title":{"rendered":"\u00c5rskursspecifik del"},"content":{"rendered":"<h1><span style=\"font-size: inherit\">LUMATIKKA 2: Den \u00e5rskursspecifika delen<\/span><\/h1>\n<h2><strong><em>N\u00e4sta kursstart p\u00e5 v\u00e5rterminen 2021 &#8211; <a href=\"https:\/\/lumatikka.luma.fi\/ilmoittautuminen\/#kevat21\" target=\"_blank\" rel=\"noopener noreferrer\">anm\u00e4l dig<\/a> till kurserna nu!<\/em><\/strong><\/h2>\n<p><strong>V\u00e5ra \u00e5rskursspecifika kurser behandlar f\u00f6r f\u00f6ljande teman<\/strong><\/p>\n<p>&gt; visualisering, konkretion och aktivering<br \/>\n&gt; framst\u00e4llning och verbalisering, motivering och argumentation<br \/>\n&gt; modellering och inspirerande problem och fenomen<br \/>\n&gt; grunderna f\u00f6r l\u00e4roplanen och bed\u00f6mning.<\/p>\n<p>F\u00f6r de \u00e5rskursspecifika kurserna har man valt ut de teman som \u00e4r de mest centrala f\u00f6rrespektive \u00e5rskurs och som b\u00e5de st\u00f6der elevens kunskapsutveckling och \u00f6kar intresset f\u00f6r \u00e4mnet!<\/p>\n<p>L\u00e4s n\u00e4rmare information om de \u00e5rskursspecifika kursernas inneh\u00e5ll och tidtabell:<\/p>\n<p><a href=\"https:\/\/lumatikka.luma.fi\/sv\/smabarnspedagogik\/\" target=\"_blank\" rel=\"noopener noreferrer\">Sm\u00e5barnspedagogik och f\u00f6rskolan<\/a> | <a href=\"https:\/\/lumatikka.luma.fi\/sv\/klasserna-1-6\/\" target=\"_blank\" rel=\"noopener noreferrer\">Klasserna 1\u20136<\/a> | <a href=\"https:\/\/lumatikka.luma.fi\/sv\/klasserna-7-9\/\" target=\"_blank\" rel=\"noopener noreferrer\">Klasserna 7\u20139<\/a> | <a href=\"https:\/\/lumatikka.luma.fi\/sv\/andra-stadiet\/\" target=\"_blank\" rel=\"noopener noreferrer\">Gymnasiet &amp; yrkesutbildning<\/a><\/p>\n","protected":false},"excerpt":{"rendered":"<p>LUMATIKKA 2: Den \u00e5rskursspecifika delen N\u00e4sta kursstart p\u00e5 v\u00e5rterminen 2021 &#8211; anm\u00e4l dig till kurserna nu! V\u00e5ra \u00e5rskursspecifika kurser behandlar f\u00f6r f\u00f6ljande teman &gt; visualisering, konkretion och aktivering &gt; framst\u00e4llning och verbalisering, motivering och argumentation &gt; modellering och inspirerande problem och fenomen &gt; grunderna f\u00f6r l\u00e4roplanen och bed\u00f6mning. F\u00f6r de \u00e5rskursspecifika kurserna har man valt [&hellip;]<\/p>\n","protected":false},"author":2,"featured_media":0,"parent":0,"menu_order":0,"comment_status":"closed","ping_status":"closed","template":"","meta":{"footnotes":""},"class_list":["post-141","page","type-page","status-publish","hentry"],"_links":{"self":[{"href":"https:\/\/lumatikka.luma.fi\/sv\/wp-json\/wp\/v2\/pages\/141","targetHints":{"allow":["GET"]}}],"collection":[{"href":"https:\/\/lumatikka.luma.fi\/sv\/wp-json\/wp\/v2\/pages"}],"about":[{"href":"https:\/\/lumatikka.luma.fi\/sv\/wp-json\/wp\/v2\/types\/page"}],"author":[{"embeddable":true,"href":"https:\/\/lumatikka.luma.fi\/sv\/wp-json\/wp\/v2\/users\/2"}],"replies":[{"embeddable":true,"href":"https:\/\/lumatikka.luma.fi\/sv\/wp-json\/wp\/v2\/comments?post=141"}],"version-history":[{"count":5,"href":"https:\/\/lumatikka.luma.fi\/sv\/wp-json\/wp\/v2\/pages\/141\/revisions"}],"predecessor-version":[{"id":1870,"href":"https:\/\/lumatikka.luma.fi\/sv\/wp-json\/wp\/v2\/pages\/141\/revisions\/1870"}],"wp:attachment":[{"href":"https:\/\/lumatikka.luma.fi\/sv\/wp-json\/wp\/v2\/media?parent=141"}],"curies":[{"name":"wp","href":"https:\/\/api.w.org\/{rel}","templated":true}]}}